{"id":1467,"date":"2025-03-16T19:14:49","date_gmt":"2025-03-16T22:14:49","guid":{"rendered":"https:\/\/velejar.org\/?page_id=1467"},"modified":"2025-11-11T18:35:38","modified_gmt":"2025-11-11T21:35:38","slug":"classificacao","status":"publish","type":"page","link":"https:\/\/velejar.org\/en\/classificacao\/","title":{"rendered":"Classification \u2013 2025"},"content":{"rendered":"<div data-elementor-type=\"wp-page\" data-elementor-id=\"1467\" class=\"elementor elementor-1467\">\n\t\t\t\t\t\t<section class=\"elementor-section elementor-top-section elementor-element elementor-element-70b23525 elementor-section-boxed elementor-section-height-default elementor-section-height-default\" data-id=\"70b23525\" data-element_type=\"section\" data-e-type=\"section\">\n\t\t\t\t\t\t<div class=\"elementor-container elementor-column-gap-default\">\n\t\t\t\t\t<div class=\"elementor-column elementor-col-100 elementor-top-column elementor-element elementor-element-553ee676\" data-id=\"553ee676\" data-element_type=\"column\" data-e-type=\"column\">\n\t\t\t<div class=\"elementor-widget-wrap elementor-element-populated\">\n\t\t\t\t\t\t<div class=\"elementor-element elementor-element-5031a17b elementor-widget elementor-widget-text-editor\" data-id=\"5031a17b\" data-element_type=\"widget\" data-e-type=\"widget\" data-widget_type=\"text-editor.default\">\n\t\t\t\t<div class=\"elementor-widget-container\">\n\t\t\t\t\t\t\t\t\t<table dir=\"ltr\" border=\"1\" cellspacing=\"0\" cellpadding=\"0\" data-sheets-root=\"1\" data-sheets-baot=\"1\"><colgroup><col width=\"111\" \/><col width=\"124\" \/><col width=\"100\" \/><col width=\"106\" \/><col width=\"55\" \/><\/colgroup><tbody><tr><td><strong>TEAM<\/strong><\/td><td><strong>VESSEL<\/strong><\/td><td><strong>POSITION<\/strong><\/td><td><strong>PUNCTUATION<\/strong><\/td><td><strong>YEAR<\/strong><\/td><\/tr><tr><td>WILSON<\/td><td>WILSON<\/td><td>1<\/td><td>13<\/td><td>2025<\/td><\/tr><tr><td>KIL<\/td><td>KIL<\/td><td>2<\/td><td>12<\/td><td>2025<\/td><\/tr><tr><td>ARCHER<\/td><td>ARCHER<\/td><td>3<\/td><td>10<\/td><td>2025<\/td><\/tr><tr><td>ZEUS<\/td><td>ZEUS<\/td><td>4<\/td><td>9<\/td><td>2025<\/td><\/tr><tr><td>MARLIN<\/td><td>MARLIN<\/td><td>5<\/td><td>5,6<\/td><td>2025<\/td><\/tr><tr><td>SOUZA<\/td><td>SOUZA<\/td><td>6<\/td><td>4,7<\/td><td>2025<\/td><\/tr><tr><td>DIAMOND<\/td><td>DIAMOND<\/td><td>7<\/td><td>3,3<\/td><td>2025<\/td><\/tr><tr><td>TDM<\/td><td>TDM<\/td><td>8<\/td><td>2,5<\/td><td>2025<\/td><\/tr><tr><td>ISAAC<\/td><td>ISAAC<\/td><td>9<\/td><td>2<\/td><td>2025<\/td><\/tr><tr><td>DIOGO<\/td><td>DIOGO<\/td><td>10<\/td><td>1,6<\/td><td>2025<\/td><\/tr><tr><td>Wild Oats<\/td><td>Wild Oats<\/td><td>11<\/td><td>0,8<\/td><td>2025<\/td><\/tr><tr><td>CCJ<\/td><td>CCJ<\/td><td>12<\/td><td>0,5<\/td><td>2025<\/td><\/tr><tr><td>MEGA<\/td><td>MEGA<\/td><td>13<\/td><td>0,4<\/td><td>2025<\/td><\/tr><\/tbody><\/table>\t\t\t\t\t\t\t\t<\/div>\n\t\t\t\t<\/div>\n\t\t\t\t<div class=\"elementor-element elementor-element-da1e130 elementor-widget elementor-widget-toggle\" data-id=\"da1e130\" data-element_type=\"widget\" data-e-type=\"widget\" data-widget_type=\"toggle.default\">\n\t\t\t\t<div class=\"elementor-widget-container\">\n\t\t\t\t\t\t\t<div class=\"elementor-toggle\">\n\t\t\t\t\t\t\t<div class=\"elementor-toggle-item\">\n\t\t\t\t\t<div id=\"elementor-tab-title-2281\" class=\"elementor-tab-title\" data-tab=\"1\" role=\"button\" aria-controls=\"elementor-tab-content-2281\" aria-expanded=\"false\">\n\t\t\t\t\t\t\t\t\t\t\t\t<span class=\"elementor-toggle-icon elementor-toggle-icon-left\" aria-hidden=\"true\">\n\t\t\t\t\t\t\t\t\t\t\t\t\t\t\t<span class=\"elementor-toggle-icon-closed\"><i class=\"fas fa-caret-right\"><\/i><\/span>\n\t\t\t\t\t\t\t\t<span class=\"elementor-toggle-icon-opened\"><i class=\"elementor-toggle-icon-opened fas fa-caret-up\"><\/i><\/span>\n\t\t\t\t\t\t\t\t\t\t\t\t\t<\/span>\n\t\t\t\t\t\t\t\t\t\t\t\t<a class=\"elementor-toggle-title\" tabindex=\"0\">4th Stage - 2025<\/a>\n\t\t\t\t\t<\/div>\n\n\t\t\t\t\t<div id=\"elementor-tab-content-2281\" class=\"elementor-tab-content elementor-clearfix\" data-tab=\"1\" role=\"region\" aria-labelledby=\"elementor-tab-title-2281\"><table dir=\"ltr\" border=\"1\" cellspacing=\"0\" cellpadding=\"0\" data-sheets-root=\"1\" data-sheets-baot=\"1\"><colgroup><col width=\"100\" \/><col width=\"100\" \/><col width=\"100\" \/><col width=\"100\" \/><col width=\"100\" \/><\/colgroup><tbody><tr><td><strong>TEAM<\/strong><\/td><td><strong>VESSEL<\/strong><\/td><td><strong>POSITION<\/strong><\/td><td><strong>PUNCTUATION<\/strong><\/td><td><strong>DATE<\/strong><\/td><\/tr><tr><td>ZEUS<\/td><td>ZEUS<\/td><td>1<\/td><td>5<\/td><td>02\/11\/2025<\/td><\/tr><tr><td>KIL<\/td><td>KIL<\/td><td>2<\/td><td>4<\/td><td>\u2013<\/td><\/tr><tr><td>ARCHER<\/td><td>ARCHER<\/td><td>3<\/td><td>3<\/td><td>\u2013<\/td><\/tr><tr><td>ISAAC<\/td><td>ISAAC<\/td><td>4<\/td><td>2<\/td><td>\u2013<\/td><\/tr><tr><td>WILSON<\/td><td>WILSON<\/td><td>5<\/td><td>1<\/td><td>\u2013<\/td><\/tr><tr><td>DIAMOND<\/td><td>DIAMOND<\/td><td>6<\/td><td>0.5<\/td><td>\u2013<\/td><\/tr><tr><td>SOUZA<\/td><td>SOUZA<\/td><td>7<\/td><td>0.4<\/td><td>\u2013<\/td><\/tr><tr><td>TDM<\/td><td>TDM<\/td><td>8<\/td><td>0.3<\/td><td>\u2013<\/td><\/tr><tr><td>MARLIN<\/td><td>MARLIN<\/td><td>9<\/td><td>0.2<\/td><td>\u2013<\/td><\/tr><tr><td>DIOGO<\/td><td>DIOGO<\/td><td>10<\/td><td>0.1<\/td><td>\u2013<\/td><\/tr><\/tbody><\/table><\/div>\n\t\t\t\t<\/div>\n\t\t\t\t\t\t\t<div class=\"elementor-toggle-item\">\n\t\t\t\t\t<div id=\"elementor-tab-title-2282\" class=\"elementor-tab-title\" data-tab=\"2\" role=\"button\" aria-controls=\"elementor-tab-content-2282\" aria-expanded=\"false\">\n\t\t\t\t\t\t\t\t\t\t\t\t<span class=\"elementor-toggle-icon elementor-toggle-icon-left\" aria-hidden=\"true\">\n\t\t\t\t\t\t\t\t\t\t\t\t\t\t\t<span class=\"elementor-toggle-icon-closed\"><i class=\"fas fa-caret-right\"><\/i><\/span>\n\t\t\t\t\t\t\t\t<span class=\"elementor-toggle-icon-opened\"><i class=\"elementor-toggle-icon-opened fas fa-caret-up\"><\/i><\/span>\n\t\t\t\t\t\t\t\t\t\t\t\t\t<\/span>\n\t\t\t\t\t\t\t\t\t\t\t\t<a class=\"elementor-toggle-title\" tabindex=\"0\">3rd Stage - 2025<\/a>\n\t\t\t\t\t<\/div>\n\n\t\t\t\t\t<div id=\"elementor-tab-content-2282\" class=\"elementor-tab-content elementor-clearfix\" data-tab=\"2\" role=\"region\" aria-labelledby=\"elementor-tab-title-2282\"><table dir=\"ltr\" border=\"1\" cellspacing=\"0\" cellpadding=\"0\" data-sheets-root=\"1\" data-sheets-baot=\"1\"><colgroup> <col width=\"100\" \/> <col width=\"100\" \/> <col width=\"100\" \/> <col width=\"100\" \/> <col width=\"100\" \/><\/colgroup><tbody><tr><td><strong>STAGE 3<\/strong><\/td><td><strong>14\/09\/2025<\/strong><\/td><td>\u00a0<\/td><td>\u00a0<\/td><td>\u00a0<\/td><\/tr><tr><td><strong>TEAM<\/strong><\/td><td><strong>VESSEL<\/strong><\/td><td><strong>POSITION<\/strong><\/td><td><strong>PUNCTUATION<\/strong><\/td><td><strong>DATE<\/strong><\/td><\/tr><tr><td>ARCHER<\/td><td>ARCHER<\/td><td>1<\/td><td>5<\/td><td>14\/09\/2025<\/td><\/tr><tr><td>SOUZA<\/td><td>SOUZA<\/td><td>2<\/td><td>4<\/td><td>\u2013<\/td><\/tr><tr><td>WILSON<\/td><td>WILSON<\/td><td>3<\/td><td>3<\/td><td>\u2013<\/td><\/tr><tr><td>DIAMOND<\/td><td>DIAMOND<\/td><td>4<\/td><td>2<\/td><td>\u2013<\/td><\/tr><tr><td>DIOGO<\/td><td>DIOGO<\/td><td>5<\/td><td>1<\/td><td>\u2013<\/td><\/tr><tr><td>CCJ<\/td><td>CCJ<\/td><td>6<\/td><td>0,5<\/td><td>\u2013<\/td><\/tr><tr><td>MARLIN<\/td><td>MARLIN<\/td><td>7<\/td><td>0,4<\/td><td>\u2013<\/td><\/tr><tr><td>Wild Oats<\/td><td>Wild Oats<\/td><td>8<\/td><td>0,3<\/td><td>\u2013<\/td><\/tr><\/tbody><\/table><\/div>\n\t\t\t\t<\/div>\n\t\t\t\t\t\t\t<div class=\"elementor-toggle-item\">\n\t\t\t\t\t<div id=\"elementor-tab-title-2283\" class=\"elementor-tab-title\" data-tab=\"3\" role=\"button\" aria-controls=\"elementor-tab-content-2283\" aria-expanded=\"false\">\n\t\t\t\t\t\t\t\t\t\t\t\t<span class=\"elementor-toggle-icon elementor-toggle-icon-left\" aria-hidden=\"true\">\n\t\t\t\t\t\t\t\t\t\t\t\t\t\t\t<span class=\"elementor-toggle-icon-closed\"><i class=\"fas fa-caret-right\"><\/i><\/span>\n\t\t\t\t\t\t\t\t<span class=\"elementor-toggle-icon-opened\"><i class=\"elementor-toggle-icon-opened fas fa-caret-up\"><\/i><\/span>\n\t\t\t\t\t\t\t\t\t\t\t\t\t<\/span>\n\t\t\t\t\t\t\t\t\t\t\t\t<a class=\"elementor-toggle-title\" tabindex=\"0\">2nd Stage - 2025<\/a>\n\t\t\t\t\t<\/div>\n\n\t\t\t\t\t<div id=\"elementor-tab-content-2283\" class=\"elementor-tab-content elementor-clearfix\" data-tab=\"3\" role=\"region\" aria-labelledby=\"elementor-tab-title-2283\"><table dir=\"ltr\" border=\"1\" cellspacing=\"0\" cellpadding=\"0\" data-sheets-root=\"1\" data-sheets-baot=\"1\"><colgroup> <col width=\"100\" \/> <col width=\"100\" \/> <col width=\"100\" \/> <col width=\"100\" \/> <col width=\"100\" \/><\/colgroup><tbody><tr><td><strong>STEP 2<\/strong><\/td><td><strong>15\/06\/2025<\/strong><\/td><td>\u00a0<\/td><td>\u00a0<\/td><td>\u00a0<\/td><\/tr><tr><td><strong>TEAM<\/strong><\/td><td><strong>VESSEL<\/strong><\/td><td><strong>POSITION<\/strong><\/td><td><strong>PUNCTUATION<\/strong><\/td><td><strong>DATE<\/strong><\/td><\/tr><tr><td>WILSON<\/td><td>WILSON<\/td><td>1<\/td><td>5<\/td><td>15\/06\/2025<\/td><\/tr><tr><td>ZEUS<\/td><td>ZEUS<\/td><td>2<\/td><td>4<\/td><td>\u2013<\/td><\/tr><tr><td>KIL<\/td><td>KIL<\/td><td>3<\/td><td>3<\/td><td>\u2013<\/td><\/tr><tr><td>MARLIN<\/td><td>MARLIN<\/td><td>4<\/td><td>2<\/td><td>\u2013<\/td><\/tr><tr><td>ARCHER<\/td><td>ARCHER<\/td><td>5<\/td><td>1<\/td><td>\u2013<\/td><\/tr><tr><td>Wild Oats<\/td><td>Wild Oats<\/td><td>6<\/td><td>0,5<\/td><td>\u2013<\/td><\/tr><tr><td>DIAMOND<\/td><td>DIAMOND<\/td><td>7<\/td><td>0,4<\/td><td>\u2013<\/td><\/tr><tr><td>SOUZA<\/td><td>SOUZA<\/td><td>8<\/td><td>0,3<\/td><td>\u2013<\/td><\/tr><tr><td>TDM<\/td><td>TDM<\/td><td>9<\/td><td>0,2<\/td><td>\u2013<\/td><\/tr><tr><td>MEGA<\/td><td>MEGA<\/td><td>10<\/td><td>0,1<\/td><td>\u2013<\/td><\/tr><\/tbody><\/table><\/div>\n\t\t\t\t<\/div>\n\t\t\t\t\t\t\t<div class=\"elementor-toggle-item\">\n\t\t\t\t\t<div id=\"elementor-tab-title-2284\" class=\"elementor-tab-title\" data-tab=\"4\" role=\"button\" aria-controls=\"elementor-tab-content-2284\" aria-expanded=\"false\">\n\t\t\t\t\t\t\t\t\t\t\t\t<span class=\"elementor-toggle-icon elementor-toggle-icon-left\" aria-hidden=\"true\">\n\t\t\t\t\t\t\t\t\t\t\t\t\t\t\t<span class=\"elementor-toggle-icon-closed\"><i class=\"fas fa-caret-right\"><\/i><\/span>\n\t\t\t\t\t\t\t\t<span class=\"elementor-toggle-icon-opened\"><i class=\"elementor-toggle-icon-opened fas fa-caret-up\"><\/i><\/span>\n\t\t\t\t\t\t\t\t\t\t\t\t\t<\/span>\n\t\t\t\t\t\t\t\t\t\t\t\t<a class=\"elementor-toggle-title\" tabindex=\"0\">1st Stage - 2025<\/a>\n\t\t\t\t\t<\/div>\n\n\t\t\t\t\t<div id=\"elementor-tab-content-2284\" class=\"elementor-tab-content elementor-clearfix\" data-tab=\"4\" role=\"region\" aria-labelledby=\"elementor-tab-title-2284\"><table dir=\"ltr\" border=\"1\" cellspacing=\"0\" cellpadding=\"0\" data-sheets-root=\"1\" data-sheets-baot=\"1\"><colgroup> <col width=\"100\" \/> <col width=\"100\" \/> <col width=\"100\" \/> <col width=\"100\" \/> <col width=\"100\" \/><\/colgroup><tbody><tr><td>STEP 1<\/td><td>16\/03\/2025<\/td><td>\u00a0<\/td><td>\u00a0<\/td><td>\u00a0<\/td><\/tr><tr><td>TEAM<\/td><td>VESSEL<\/td><td>POSITION<\/td><td>PUNCTUATION<\/td><td>DATE<\/td><\/tr><tr><td>KIL<\/td><td>KIL<\/td><td>1<\/td><td>5<\/td><td>16\/03\/2025<\/td><\/tr><tr><td>WILSON<\/td><td>WILSON<\/td><td>2<\/td><td>4<\/td><td>\u2013<\/td><\/tr><tr><td>MARLIN<\/td><td>MARLIN<\/td><td>3<\/td><td>3<\/td><td>\u2013<\/td><\/tr><tr><td>TDM<\/td><td>TDM<\/td><td>4<\/td><td>2<\/td><td>\u2013<\/td><\/tr><tr><td>ARCHER<\/td><td>ARCHER<\/td><td>5<\/td><td>1<\/td><td>\u2013<\/td><\/tr><tr><td>DIOGO<\/td><td>DIOGO<\/td><td>6<\/td><td>0,5<\/td><td>\u2013<\/td><\/tr><tr><td>DIAMOND<\/td><td>DIAMOND<\/td><td>7<\/td><td>0,4<\/td><td>\u2013<\/td><\/tr><tr><td>MEGA<\/td><td>MEGA<\/td><td>8<\/td><td>0,3<\/td><td>\u2013<\/td><\/tr><\/tbody><\/table><\/div>\n\t\t\t\t<\/div>\n\t\t\t\t\t\t\t\t<\/div>\n\t\t\t\t\t\t<\/div>\n\t\t\t\t<\/div>\n\t\t\t\t<section class=\"elementor-section elementor-inner-section elementor-element elementor-element-48ee2b6 elementor-section-boxed elementor-section-height-default elementor-section-height-default\" data-id=\"48ee2b6\" data-element_type=\"section\" data-e-type=\"section\">\n\t\t\t\t\t\t<div class=\"elementor-container elementor-column-gap-default\">\n\t\t\t\t\t<div class=\"elementor-column elementor-col-33 elementor-inner-column elementor-element elementor-element-2f51a41\" data-id=\"2f51a41\" data-element_type=\"column\" data-e-type=\"column\">\n\t\t\t<div class=\"elementor-widget-wrap elementor-element-populated\">\n\t\t\t\t\t\t<div class=\"elementor-element elementor-element-c607221 elementor-align-center elementor-widget elementor-widget-button\" data-id=\"c607221\" data-element_type=\"widget\" data-e-type=\"widget\" data-widget_type=\"button.default\">\n\t\t\t\t<div class=\"elementor-widget-container\">\n\t\t\t\t\t\t\t\t\t<div class=\"elementor-button-wrapper\">\n\t\t\t\t\t<a class=\"elementor-button elementor-button-link elementor-size-sm\" href=\"https:\/\/velejar.org\/en\/classificacao-2024\/\">\n\t\t\t\t\t\t<span class=\"elementor-button-content-wrapper\">\n\t\t\t\t\t\t\t\t\t<span class=\"elementor-button-text\">CLASSIFICATION - 2024<\/span>\n\t\t\t\t\t<\/span>\n\t\t\t\t\t<\/a>\n\t\t\t\t<\/div>\n\t\t\t\t\t\t\t\t<\/div>\n\t\t\t\t<\/div>\n\t\t\t\t\t<\/div>\n\t\t<\/div>\n\t\t\t\t<div class=\"elementor-column elementor-col-33 elementor-inner-column elementor-element elementor-element-9465e27\" data-id=\"9465e27\" data-element_type=\"column\" data-e-type=\"column\">\n\t\t\t<div class=\"elementor-widget-wrap elementor-element-populated\">\n\t\t\t\t\t\t<div class=\"elementor-element elementor-element-69b5a30 elementor-align-center elementor-widget elementor-widget-button\" data-id=\"69b5a30\" data-element_type=\"widget\" data-e-type=\"widget\" data-widget_type=\"button.default\">\n\t\t\t\t<div class=\"elementor-widget-container\">\n\t\t\t\t\t\t\t\t\t<div class=\"elementor-button-wrapper\">\n\t\t\t\t\t<a class=\"elementor-button elementor-button-link elementor-size-sm\" href=\"https:\/\/velejar.org\/en\/classificacao-2023\/\">\n\t\t\t\t\t\t<span class=\"elementor-button-content-wrapper\">\n\t\t\t\t\t\t\t\t\t<span class=\"elementor-button-text\">CLASSIFICATION - 2023<\/span>\n\t\t\t\t\t<\/span>\n\t\t\t\t\t<\/a>\n\t\t\t\t<\/div>\n\t\t\t\t\t\t\t\t<\/div>\n\t\t\t\t<\/div>\n\t\t\t\t\t<\/div>\n\t\t<\/div>\n\t\t\t\t<div class=\"elementor-column elementor-col-33 elementor-inner-column elementor-element elementor-element-e027265\" data-id=\"e027265\" data-element_type=\"column\" data-e-type=\"column\">\n\t\t\t<div class=\"elementor-widget-wrap elementor-element-populated\">\n\t\t\t\t\t\t<div class=\"elementor-element elementor-element-e7443fd elementor-align-center elementor-widget elementor-widget-button\" data-id=\"e7443fd\" data-element_type=\"widget\" data-e-type=\"widget\" data-widget_type=\"button.default\">\n\t\t\t\t<div class=\"elementor-widget-container\">\n\t\t\t\t\t\t\t\t\t<div class=\"elementor-button-wrapper\">\n\t\t\t\t\t<a class=\"elementor-button elementor-button-link elementor-size-sm\" href=\"https:\/\/velejar.org\/en\/classificacao-2022-v1\/\">\n\t\t\t\t\t\t<span class=\"elementor-button-content-wrapper\">\n\t\t\t\t\t\t\t\t\t<span class=\"elementor-button-text\">CLASSIFICATION - 2022<\/span>\n\t\t\t\t\t<\/span>\n\t\t\t\t\t<\/a>\n\t\t\t\t<\/div>\n\t\t\t\t\t\t\t\t<\/div>\n\t\t\t\t<\/div>\n\t\t\t\t\t<\/div>\n\t\t<\/div>\n\t\t\t\t\t<\/div>\n\t\t<\/section>\n\t\t\t\t\t<\/div>\n\t\t<\/div>\n\t\t\t\t\t<\/div>\n\t\t<\/section>\n\t\t\t\t<\/div>","protected":false},"excerpt":{"rendered":"<p>TEAM BOAT POSITION SCORE YEAR WILSON WILSON 1 13 2025 KIL KIL 2 12 2025 ARQUEIRO ARQUEIRO 3 10 2025 ZEUS ZEUS 4 9 2025 MARLIN MARLIN 5 5.6 2025 SOUZA SOUZA 6 4.7 2025 DIAMANTE DIAMANTE 7 3.3 2025 TDM TDM 8 2.5 2025 ISAAC ISAAC 9 2 2025 DIOGO DIOGO 10 1.6 2025\u2026<\/p>","protected":false},"author":1,"featured_media":944,"parent":0,"menu_order":0,"comment_status":"closed","ping_status":"closed","template":"","meta":{"footnotes":""},"class_list":["post-1467","page","type-page","status-publish","has-post-thumbnail","hentry"],"yoast_head":"<!-- This site is optimized with the Yoast SEO plugin v27.3 - https:\/\/yoast.com\/product\/yoast-seo-wordpress\/ -->\n<title>Classifica\u00e7\u00e3o - 2025 - Velejar<\/title>\n<meta name=\"robots\" content=\"index, follow, max-snippet:-1, max-image-preview:large, max-video-preview:-1\" \/>\n<link rel=\"canonical\" href=\"https:\/\/velejar.org\/en\/classificacao\/\" \/>\n<meta property=\"og:locale\" content=\"en_US\" \/>\n<meta property=\"og:type\" content=\"article\" \/>\n<meta property=\"og:title\" content=\"Classifica\u00e7\u00e3o - 2025 - Velejar\" \/>\n<meta property=\"og:description\" content=\"EQUIPE EMBARCA\u00c7\u00c3O POSI\u00c7\u00c3O PONTUA\u00c7\u00c3O ANO WILSON WILSON 1 13 2025 KIL KIL 2 12 2025 ARQUEIRO ARQUEIRO 3 10 2025 ZEUS ZEUS 4 9 2025 MARLIN MARLIN 5 5,6 2025 SOUZA SOUZA 6 4,7 2025 DIAMANTE DIAMANTE 7 3,3 2025 TDM TDM 8 2,5 2025 ISAAC ISAAC 9 2 2025 DIOGO DIOGO 10 1,6 2025&hellip;\" \/>\n<meta property=\"og:url\" content=\"https:\/\/velejar.org\/en\/classificacao\/\" \/>\n<meta property=\"og:site_name\" content=\"Velejar\" \/>\n<meta property=\"article:modified_time\" content=\"2025-11-11T21:35:38+00:00\" \/>\n<meta property=\"og:image\" content=\"https:\/\/velejar.org\/wp-content\/uploads\/2022\/09\/4-ETAPA-VELEJAR-2022-33-1.jpeg\" \/>\n\t<meta property=\"og:image:width\" content=\"648\" \/>\n\t<meta property=\"og:image:height\" content=\"1152\" \/>\n\t<meta property=\"og:image:type\" content=\"image\/jpeg\" \/>\n<meta name=\"twitter:card\" content=\"summary_large_image\" \/>\n<meta name=\"twitter:label1\" content=\"Est. reading time\" \/>\n\t<meta name=\"twitter:data1\" content=\"2 minutes\" \/>\n<script type=\"application\/ld+json\" class=\"yoast-schema-graph\">{\"@context\":\"https:\\\/\\\/schema.org\",\"@graph\":[{\"@type\":\"WebPage\",\"@id\":\"https:\\\/\\\/velejar.org\\\/classificacao\\\/\",\"url\":\"https:\\\/\\\/velejar.org\\\/classificacao\\\/\",\"name\":\"Classifica\u00e7\u00e3o - 2025 - Velejar\",\"isPartOf\":{\"@id\":\"https:\\\/\\\/velejar.org\\\/#website\"},\"primaryImageOfPage\":{\"@id\":\"https:\\\/\\\/velejar.org\\\/classificacao\\\/#primaryimage\"},\"image\":{\"@id\":\"https:\\\/\\\/velejar.org\\\/classificacao\\\/#primaryimage\"},\"thumbnailUrl\":\"https:\\\/\\\/velejar.org\\\/wp-content\\\/uploads\\\/2022\\\/09\\\/4-ETAPA-VELEJAR-2022-33-1.jpeg\",\"datePublished\":\"2025-03-16T22:14:49+00:00\",\"dateModified\":\"2025-11-11T21:35:38+00:00\",\"breadcrumb\":{\"@id\":\"https:\\\/\\\/velejar.org\\\/classificacao\\\/#breadcrumb\"},\"inLanguage\":\"en-US\",\"potentialAction\":[{\"@type\":\"ReadAction\",\"target\":[\"https:\\\/\\\/velejar.org\\\/classificacao\\\/\"]}]},{\"@type\":\"ImageObject\",\"inLanguage\":\"en-US\",\"@id\":\"https:\\\/\\\/velejar.org\\\/classificacao\\\/#primaryimage\",\"url\":\"https:\\\/\\\/velejar.org\\\/wp-content\\\/uploads\\\/2022\\\/09\\\/4-ETAPA-VELEJAR-2022-33-1.jpeg\",\"contentUrl\":\"https:\\\/\\\/velejar.org\\\/wp-content\\\/uploads\\\/2022\\\/09\\\/4-ETAPA-VELEJAR-2022-33-1.jpeg\",\"width\":648,\"height\":1152},{\"@type\":\"BreadcrumbList\",\"@id\":\"https:\\\/\\\/velejar.org\\\/classificacao\\\/#breadcrumb\",\"itemListElement\":[{\"@type\":\"ListItem\",\"position\":1,\"name\":\"In\u00edcio\",\"item\":\"https:\\\/\\\/velejar.org\\\/\"},{\"@type\":\"ListItem\",\"position\":2,\"name\":\"Classifica\u00e7\u00e3o &#8211; 2025\"}]},{\"@type\":\"WebSite\",\"@id\":\"https:\\\/\\\/velejar.org\\\/#website\",\"url\":\"https:\\\/\\\/velejar.org\\\/\",\"name\":\"Velejar\",\"description\":\"Campeonato de Embarca\u00e7\u00f5es a Vela\",\"publisher\":{\"@id\":\"https:\\\/\\\/velejar.org\\\/#organization\"},\"potentialAction\":[{\"@type\":\"SearchAction\",\"target\":{\"@type\":\"EntryPoint\",\"urlTemplate\":\"https:\\\/\\\/velejar.org\\\/?s={search_term_string}\"},\"query-input\":{\"@type\":\"PropertyValueSpecification\",\"valueRequired\":true,\"valueName\":\"search_term_string\"}}],\"inLanguage\":\"en-US\"},{\"@type\":\"Organization\",\"@id\":\"https:\\\/\\\/velejar.org\\\/#organization\",\"name\":\"Projeto Velejar\",\"url\":\"https:\\\/\\\/velejar.org\\\/\",\"logo\":{\"@type\":\"ImageObject\",\"inLanguage\":\"en-US\",\"@id\":\"https:\\\/\\\/velejar.org\\\/#\\\/schema\\\/logo\\\/image\\\/\",\"url\":\"https:\\\/\\\/velejar.net-br.net\\\/wp-content\\\/uploads\\\/2021\\\/12\\\/velejar-projeto-ico.jpg\",\"contentUrl\":\"https:\\\/\\\/velejar.net-br.net\\\/wp-content\\\/uploads\\\/2021\\\/12\\\/velejar-projeto-ico.jpg\",\"width\":143,\"height\":146,\"caption\":\"Projeto Velejar\"},\"image\":{\"@id\":\"https:\\\/\\\/velejar.org\\\/#\\\/schema\\\/logo\\\/image\\\/\"}}]}<\/script>\n<!-- \/ Yoast SEO plugin. -->","yoast_head_json":{"title":"Classification - 2025 - Sailing","robots":{"index":"index","follow":"follow","max-snippet":"max-snippet:-1","max-image-preview":"max-image-preview:large","max-video-preview":"max-video-preview:-1"},"canonical":"https:\/\/velejar.org\/en\/classificacao\/","og_locale":"en_US","og_type":"article","og_title":"Classifica\u00e7\u00e3o - 2025 - Velejar","og_description":"EQUIPE EMBARCA\u00c7\u00c3O POSI\u00c7\u00c3O PONTUA\u00c7\u00c3O ANO WILSON WILSON 1 13 2025 KIL KIL 2 12 2025 ARQUEIRO ARQUEIRO 3 10 2025 ZEUS ZEUS 4 9 2025 MARLIN MARLIN 5 5,6 2025 SOUZA SOUZA 6 4,7 2025 DIAMANTE DIAMANTE 7 3,3 2025 TDM TDM 8 2,5 2025 ISAAC ISAAC 9 2 2025 DIOGO DIOGO 10 1,6 2025&hellip;","og_url":"https:\/\/velejar.org\/en\/classificacao\/","og_site_name":"Velejar","article_modified_time":"2025-11-11T21:35:38+00:00","og_image":[{"width":648,"height":1152,"url":"https:\/\/velejar.org\/wp-content\/uploads\/2022\/09\/4-ETAPA-VELEJAR-2022-33-1.jpeg","type":"image\/jpeg"}],"twitter_card":"summary_large_image","twitter_misc":{"Est. reading time":"2 minutes"},"schema":{"@context":"https:\/\/schema.org","@graph":[{"@type":"WebPage","@id":"https:\/\/velejar.org\/classificacao\/","url":"https:\/\/velejar.org\/classificacao\/","name":"Classification - 2025 - Sailing","isPartOf":{"@id":"https:\/\/velejar.org\/#website"},"primaryImageOfPage":{"@id":"https:\/\/velejar.org\/classificacao\/#primaryimage"},"image":{"@id":"https:\/\/velejar.org\/classificacao\/#primaryimage"},"thumbnailUrl":"https:\/\/velejar.org\/wp-content\/uploads\/2022\/09\/4-ETAPA-VELEJAR-2022-33-1.jpeg","datePublished":"2025-03-16T22:14:49+00:00","dateModified":"2025-11-11T21:35:38+00:00","breadcrumb":{"@id":"https:\/\/velejar.org\/classificacao\/#breadcrumb"},"inLanguage":"en-US","potentialAction":[{"@type":"ReadAction","target":["https:\/\/velejar.org\/classificacao\/"]}]},{"@type":"ImageObject","inLanguage":"en-US","@id":"https:\/\/velejar.org\/classificacao\/#primaryimage","url":"https:\/\/velejar.org\/wp-content\/uploads\/2022\/09\/4-ETAPA-VELEJAR-2022-33-1.jpeg","contentUrl":"https:\/\/velejar.org\/wp-content\/uploads\/2022\/09\/4-ETAPA-VELEJAR-2022-33-1.jpeg","width":648,"height":1152},{"@type":"BreadcrumbList","@id":"https:\/\/velejar.org\/classificacao\/#breadcrumb","itemListElement":[{"@type":"ListItem","position":1,"name":"In\u00edcio","item":"https:\/\/velejar.org\/"},{"@type":"ListItem","position":2,"name":"Classifica\u00e7\u00e3o &#8211; 2025"}]},{"@type":"WebSite","@id":"https:\/\/velejar.org\/#website","url":"https:\/\/velejar.org\/","name":"sail","description":"Sailing Vessel Championship","publisher":{"@id":"https:\/\/velejar.org\/#organization"},"potentialAction":[{"@type":"SearchAction","target":{"@type":"EntryPoint","urlTemplate":"https:\/\/velejar.org\/?s={search_term_string}"},"query-input":{"@type":"PropertyValueSpecification","valueRequired":true,"valueName":"search_term_string"}}],"inLanguage":"en-US"},{"@type":"Organization","@id":"https:\/\/velejar.org\/#organization","name":"Sailing Project","url":"https:\/\/velejar.org\/","logo":{"@type":"ImageObject","inLanguage":"en-US","@id":"https:\/\/velejar.org\/#\/schema\/logo\/image\/","url":"https:\/\/velejar.net-br.net\/wp-content\/uploads\/2021\/12\/velejar-projeto-ico.jpg","contentUrl":"https:\/\/velejar.net-br.net\/wp-content\/uploads\/2021\/12\/velejar-projeto-ico.jpg","width":143,"height":146,"caption":"Projeto Velejar"},"image":{"@id":"https:\/\/velejar.org\/#\/schema\/logo\/image\/"}}]}},"_links":{"self":[{"href":"https:\/\/velejar.org\/en\/wp-json\/wp\/v2\/pages\/1467","targetHints":{"allow":["GET"]}}],"collection":[{"href":"https:\/\/velejar.org\/en\/wp-json\/wp\/v2\/pages"}],"about":[{"href":"https:\/\/velejar.org\/en\/wp-json\/wp\/v2\/types\/page"}],"author":[{"embeddable":true,"href":"https:\/\/velejar.org\/en\/wp-json\/wp\/v2\/users\/1"}],"replies":[{"embeddable":true,"href":"https:\/\/velejar.org\/en\/wp-json\/wp\/v2\/comments?post=1467"}],"version-history":[{"count":34,"href":"https:\/\/velejar.org\/en\/wp-json\/wp\/v2\/pages\/1467\/revisions"}],"predecessor-version":[{"id":1642,"href":"https:\/\/velejar.org\/en\/wp-json\/wp\/v2\/pages\/1467\/revisions\/1642"}],"wp:featuredmedia":[{"embeddable":true,"href":"https:\/\/velejar.org\/en\/wp-json\/wp\/v2\/media\/944"}],"wp:attachment":[{"href":"https:\/\/velejar.org\/en\/wp-json\/wp\/v2\/media?parent=1467"}],"curies":[{"name":"wp","href":"https:\/\/api.w.org\/{rel}","templated":true}]}}