{"id":1581,"date":"2025-11-02T20:14:05","date_gmt":"2025-11-02T23:14:05","guid":{"rendered":"https:\/\/velejar.org\/?page_id=1581"},"modified":"2025-11-02T20:36:09","modified_gmt":"2025-11-02T23:36:09","slug":"sportpesca-classificacao","status":"publish","type":"page","link":"https:\/\/velejar.org\/en\/sportpesca-classificacao\/","title":{"rendered":"SPORTPESCA Classification"},"content":{"rendered":"<div data-elementor-type=\"wp-page\" data-elementor-id=\"1581\" class=\"elementor elementor-1581\">\n\t\t\t\t\t\t<section class=\"elementor-section elementor-top-section elementor-element elementor-element-55f6132 elementor-section-boxed elementor-section-height-default elementor-section-height-default\" data-id=\"55f6132\" data-element_type=\"section\" data-e-type=\"section\">\n\t\t\t\t\t\t<div class=\"elementor-container elementor-column-gap-default\">\n\t\t\t\t\t<div class=\"elementor-column elementor-col-100 elementor-top-column elementor-element elementor-element-ca108b6\" data-id=\"ca108b6\" data-element_type=\"column\" data-e-type=\"column\">\n\t\t\t<div class=\"elementor-widget-wrap elementor-element-populated\">\n\t\t\t\t\t\t<div class=\"elementor-element elementor-element-82e8f44 elementor-widget elementor-widget-accordion\" data-id=\"82e8f44\" data-element_type=\"widget\" data-e-type=\"widget\" data-widget_type=\"accordion.default\">\n\t\t\t\t<div class=\"elementor-widget-container\">\n\t\t\t\t\t\t\t<div class=\"elementor-accordion\">\n\t\t\t\t\t\t\t<div class=\"elementor-accordion-item\">\n\t\t\t\t\t<div id=\"elementor-tab-title-1371\" class=\"elementor-tab-title\" data-tab=\"1\" role=\"button\" aria-controls=\"elementor-tab-content-1371\" aria-expanded=\"false\">\n\t\t\t\t\t\t\t\t\t\t\t\t\t<span class=\"elementor-accordion-icon elementor-accordion-icon-left\" aria-hidden=\"true\">\n\t\t\t\t\t\t\t\t\t\t\t\t\t\t\t<span class=\"elementor-accordion-icon-closed\"><i class=\"fas fa-plus\"><\/i><\/span>\n\t\t\t\t\t\t\t\t<span class=\"elementor-accordion-icon-opened\"><i class=\"fas fa-minus\"><\/i><\/span>\n\t\t\t\t\t\t\t\t\t\t\t\t\t\t<\/span>\n\t\t\t\t\t\t\t\t\t\t\t\t<a class=\"elementor-accordion-title\" tabindex=\"0\">SportPesca - 2025 - 1st Stage - Shore Fishing - General Classification<\/a>\n\t\t\t\t\t<\/div>\n\t\t\t\t\t<div id=\"elementor-tab-content-1371\" class=\"elementor-tab-content elementor-clearfix\" data-tab=\"1\" role=\"region\" aria-labelledby=\"elementor-tab-title-1371\"><table  cellspacing=\"0\" cellpadding=\"0\">\n<tbody>\n<tr style=\"border: 1px solid #000;\">\n<td><span style=\"color: #000000;\"><strong>Athlete<\/strong><\/span><\/td>\n<td><span style=\"color: #000000;\"><strong>Sector<\/strong><\/span><\/td>\n<td><span style=\"color: #000000;\"><strong>Largest Fish<\/strong><\/span><\/td>\n<td><span style=\"color: #000000;\"><strong>Weight (g)<\/strong><\/span><\/td>\n<td><span style=\"color: #000000;\"><strong>Total Pieces<\/strong><\/span><\/td>\n<td><span style=\"color: #000000;\"><strong>Total (Weight) PTS<\/strong><\/span><\/td>\n<td><span style=\"color: #000000;\"><strong>Classification<\/strong><\/span><\/td>\n<\/tr>\n<tr>\n<td>Zinaldo Chaves Cabral Jr.<\/td>\n<td>24<\/td>\n<td>Sea bass<\/td>\n<td>2540<\/td>\n<td>29<\/td>\n<td>4244<\/td>\n<td>1<\/td>\n<\/tr>\n<tr>\n<td>Luis Cl\u00e1udio Moreira Camilo<\/td>\n<td>1<\/td>\n<td>Carapeba<\/td>\n<td>318<\/td>\n<td>31<\/td>\n<td>2500<\/td>\n<td>2<\/td>\n<\/tr>\n<tr>\n<td>Marcos Barreto Macedo<\/td>\n<td>26<\/td>\n<td>Choir<\/td>\n<td>50<\/td>\n<td>13<\/td>\n<td>2348<\/td>\n<td>3<\/td>\n<\/tr>\n<tr>\n<td>Jos\u00e9 Urtiga Pereira<\/td>\n<td>18<\/td>\n<td>Catfish<\/td>\n<td>416<\/td>\n<td>14<\/td>\n<td>2322<\/td>\n<td>4<\/td>\n<\/tr>\n<tr>\n<td>Leandro dos Santos Barros<\/td>\n<td>36<\/td>\n<td>Catfish<\/td>\n<td>366<\/td>\n<td>18<\/td>\n<td>1960<\/td>\n<td>5<\/td>\n<\/tr>\n<tr>\n<td>Thyberio Fernando Cabral Lima<\/td>\n<td>33<\/td>\n<td>Catfish<\/td>\n<td>166<\/td>\n<td>32<\/td>\n<td>1862<\/td>\n<td>6<\/td>\n<\/tr>\n<tr>\n<td>Sidarta Manoel Fernandes Ferreira<\/td>\n<td>44<\/td>\n<td>Catfish<\/td>\n<td>176<\/td>\n<td>30<\/td>\n<td>1494<\/td>\n<td>7<\/td>\n<\/tr>\n<tr>\n<td>Luciano da Silva Chacon<\/td>\n<td>17<\/td>\n<td>Catfish<\/td>\n<td>230<\/td>\n<td>14<\/td>\n<td>1474<\/td>\n<td>8<\/td>\n<\/tr>\n<tr>\n<td>Francisco Daladiel Ramalho Filho<\/td>\n<td>42<\/td>\n<td>Choir<\/td>\n<td>96<\/td>\n<td>29<\/td>\n<td>1370<\/td>\n<td>9<\/td>\n<\/tr>\n<tr>\n<td>Gildenor Oliveira de Souza<\/td>\n<td>5<\/td>\n<td>Carapeba<\/td>\n<td>256<\/td>\n<td>8<\/td>\n<td>1350<\/td>\n<td>10<\/td>\n<\/tr>\n<tr>\n<td>Maria Leonice de Souza Oliveira<\/td>\n<td>3<\/td>\n<td>Corvina<\/td>\n<td>236<\/td>\n<td>33<\/td>\n<td>1300<\/td>\n<td>11<\/td>\n<\/tr>\n<tr>\n<td>Divanildo Caetano da Silva<\/td>\n<td>41<\/td>\n<td>Choir<\/td>\n<td>102<\/td>\n<td>31<\/td>\n<td>1280<\/td>\n<td>12<\/td>\n<\/tr>\n<tr>\n<td>Felipe Galv\u00e3o Pereira<\/td>\n<td>28<\/td>\n<td>Corvina<\/td>\n<td>162<\/td>\n<td>31<\/td>\n<td>1268<\/td>\n<td>13<\/td>\n<\/tr>\n<tr>\n<td>Kleber Chaves Corr\u00eaa Batista<\/td>\n<td>34<\/td>\n<td>Corvina<\/td>\n<td>128<\/td>\n<td>18<\/td>\n<td>1208<\/td>\n<td>14<\/td>\n<\/tr>\n<tr>\n<td>Tania Barbosa de Araujo<\/td>\n<td>2<\/td>\n<td>Corvina<\/td>\n<td>146<\/td>\n<td>29<\/td>\n<td>1194<\/td>\n<td>15<\/td>\n<\/tr>\n<tr>\n<td>Rodrigo Cezar Duarte Cardoso de Almeida<\/td>\n<td>29<\/td>\n<td>Corvina<\/td>\n<td>160<\/td>\n<td>19<\/td>\n<td>1096<\/td>\n<td>16<\/td>\n<\/tr>\n<tr>\n<td>Jos\u00e9 Luciano de Queiroz Sarmento<\/td>\n<td>9<\/td>\n<td>Catfish<\/td>\n<td>88<\/td>\n<td>14<\/td>\n<td>1050<\/td>\n<td>17<\/td>\n<\/tr>\n<tr>\n<td>Dami\u00e3o Alves de Lima<\/td>\n<td>27<\/td>\n<td>Choir<\/td>\n<td>90<\/td>\n<td>16<\/td>\n<td>1044<\/td>\n<td>18<\/td>\n<\/tr>\n<tr>\n<td>Tiago de Andrade Pereira<\/td>\n<td>23<\/td>\n<td>Choir<\/td>\n<td>50<\/td>\n<td>33<\/td>\n<td>1040<\/td>\n<td>19<\/td>\n<\/tr>\n<tr>\n<td>Adriano de Ara\u00fajo Almeida<\/td>\n<td>46<\/td>\n<td>Choir<\/td>\n<td>70<\/td>\n<td>26<\/td>\n<td>1032<\/td>\n<td>20<\/td>\n<\/tr>\n<tr>\n<td>Clovis Dal Piva<\/td>\n<td>43<\/td>\n<td>Corvina<\/td>\n<td>90<\/td>\n<td>31<\/td>\n<td>920<\/td>\n<td>21<\/td>\n<\/tr>\n<tr>\n<td>Jehovah Mosque of Ara\u00fajo Neto<\/td>\n<td>39<\/td>\n<td>Corvina<\/td>\n<td>106<\/td>\n<td>21<\/td>\n<td>850<\/td>\n<td>22<\/td>\n<\/tr>\n<tr>\n<td>Pedro Verissimo do Nascimento<\/td>\n<td>45<\/td>\n<td>Choir<\/td>\n<td>104<\/td>\n<td>17<\/td>\n<td>850<\/td>\n<td>22<\/td>\n<\/tr>\n<tr>\n<td>Francisco Gilm\u00e1rio M. Cavalcante<\/td>\n<td>16<\/td>\n<td>Aracanguira<\/td>\n<td>58<\/td>\n<td>26<\/td>\n<td>746<\/td>\n<td>23<\/td>\n<\/tr>\n<tr>\n<td>Jos\u00e9 Amaro Louren\u00e7o<\/td>\n<td>38<\/td>\n<td>Catfish<\/td>\n<td>204<\/td>\n<td>7<\/td>\n<td>676<\/td>\n<td>24<\/td>\n<\/tr>\n<tr>\n<td>Rozinaldo Oliveira do Nascimento<\/td>\n<td>4<\/td>\n<td>Carapeba<\/td>\n<td>104<\/td>\n<td>18<\/td>\n<td>652<\/td>\n<td>25<\/td>\n<\/tr>\n<tr>\n<td>Emerson Guimar\u00e3es Diniz Filho<\/td>\n<td>31<\/td>\n<td>Corvina<\/td>\n<td>84<\/td>\n<td>15<\/td>\n<td>594<\/td>\n<td>26<\/td>\n<\/tr>\n<tr>\n<td>Jos\u00e9 M\u00e1rio Fernandes do Nascimento<\/td>\n<td>14<\/td>\n<td>Corvina<\/td>\n<td>80<\/td>\n<td>26<\/td>\n<td>559<\/td>\n<td>27<\/td>\n<\/tr>\n<tr>\n<td>Bruno Pereira da Silva<\/td>\n<td>40<\/td>\n<td>Choir<\/td>\n<td>100<\/td>\n<td>12<\/td>\n<td>440<\/td>\n<td>28<\/td>\n<\/tr>\n<tr>\n<td>Jos\u00e9 Ricardo Silva da Costa<\/td>\n<td>21<\/td>\n<td>Choir<\/td>\n<td>76<\/td>\n<td>10<\/td>\n<td>420<\/td>\n<td>29<\/td>\n<\/tr>\n<tr>\n<td>Julio Marinho Ferreira Neto<\/td>\n<td>30<\/td>\n<td>Choir<\/td>\n<td>62<\/td>\n<td>15<\/td>\n<td>390<\/td>\n<td>30<\/td>\n<\/tr>\n<tr>\n<td>Jos\u00e9 Gabriel da Silva de Souza<\/td>\n<td>6<\/td>\n<td>Choir<\/td>\n<td>52<\/td>\n<td>13<\/td>\n<td>290<\/td>\n<td>31<\/td>\n<\/tr>\n<tr>\n<td>Marcos Fernandes da Silva<\/td>\n<td>22<\/td>\n<td>Choir<\/td>\n<td>28<\/td>\n<td>9<\/td>\n<td>204<\/td>\n<td>32<\/td>\n<\/tr>\n<tr>\n<td>Anibal Rodrigues dos Santos<\/td>\n<td>37<\/td>\n<td>Catfish<\/td>\n<td>50<\/td>\n<td>2<\/td>\n<td>106<\/td>\n<td>33<\/td>\n<\/tr>\n<tr>\n<td>Jos\u00e9 Luiz Pessoa Santos<\/td>\n<td>10<\/td>\n<td>Carapeba<\/td>\n<td>74<\/td>\n<td>2<\/td>\n<td>76<\/td>\n<td>34<\/td>\n<\/tr>\n<tr>\n<td>Lucas Antonio Castro da Silva<\/td>\n<td>20<\/td>\n<td>Choir<\/td>\n<td>50<\/td>\n<td>1<\/td>\n<td>50<\/td>\n<td>35<\/td>\n<\/tr>\n<tr>\n<td>Amanda Virginia Albuquerque dos Santos<\/td>\n<td>7<\/td>\n<td>0<\/td>\n<td>0<\/td>\n<td>0<\/td>\n<td>0<\/td>\n<td><\/td>\n<\/tr>\n<tr>\n<td>Bruna Alves Maciel<\/td>\n<td>8<\/td>\n<td>0<\/td>\n<td>0<\/td>\n<td>0<\/td>\n<td>0<\/td>\n<td><\/td>\n<\/tr>\n<tr>\n<td>Saulo Pereira da Silva<\/td>\n<td>11<\/td>\n<td>0<\/td>\n<td>0<\/td>\n<td>0<\/td>\n<td>0<\/td>\n<td><\/td>\n<\/tr>\n<tr>\n<td>Rudolfo Fernandes Rohr<\/td>\n<td>12<\/td>\n<td>0<\/td>\n<td>0<\/td>\n<td>0<\/td>\n<td>0<\/td>\n<td><\/td>\n<\/tr>\n<tr>\n<td>Antonio Almeida de Souza Junior<\/td>\n<td>13<\/td>\n<td>0<\/td>\n<td>0<\/td>\n<td>0<\/td>\n<td>0<\/td>\n<td><\/td>\n<\/tr>\n<tr>\n<td>Breno Mesquita<\/td>\n<td>15<\/td>\n<td>0<\/td>\n<td>0<\/td>\n<td>0<\/td>\n<td>0<\/td>\n<td><\/td>\n<\/tr>\n<tr>\n<td>Jos\u00e9 Dionildo Gon\u00e7alves<\/td>\n<td>19<\/td>\n<td>0<\/td>\n<td>0<\/td>\n<td>0<\/td>\n<td>0<\/td>\n<td><\/td>\n<\/tr>\n<tr>\n<td>Caio Maia Mesquita<\/td>\n<td>25<\/td>\n<td>0<\/td>\n<td>0<\/td>\n<td>0<\/td>\n<td>0<\/td>\n<td><\/td>\n<\/tr>\n<tr>\n<td>Maur\u00edcio Corr\u00eaa Motta<\/td>\n<td>32<\/td>\n<td>0<\/td>\n<td>0<\/td>\n<td>0<\/td>\n<td>0<\/td>\n<td><\/td>\n<\/tr>\n<tr>\n<td>Emerson Lucas Diniz<\/td>\n<td>35<\/td>\n<td>0<\/td>\n<td>0<\/td>\n<td>0<\/td>\n<td>0<\/td>\n<td><\/td>\n<\/tr>\n<\/tbody>\n<\/table><\/div>\n\t\t\t\t<\/div>\n\t\t\t\t\t\t\t\t<\/div>\n\t\t\t\t\t\t<\/div>\n\t\t\t\t<\/div>\n\t\t\t\t\t<\/div>\n\t\t<\/div>\n\t\t\t\t\t<\/div>\n\t\t<\/section>\n\t\t\t\t<\/div>","protected":false},"excerpt":{"rendered":"<p>SportPesca \u2013 2025 \u2013 1st Stage \u2013 Land-based \u2013 General Classification Athlete Sector Largest Fish Weight (g) Total Pieces Total (Weight) PTS Classification Zinaldo Chaves Cabral Filho 24 Snook 2540 29 4244 1 Luis Cl\u00e1udio Moreira Camilo 1 Carapeba 318 31 2500 2 Marcos Barreto Macedo 26 Cor\u00f3 50 13 2348 3 Jos\u00e9 Urtiga\u2026<\/p>","protected":false},"author":1,"featured_media":1389,"parent":0,"menu_order":0,"comment_status":"closed","ping_status":"closed","template":"","meta":{"footnotes":""},"class_list":["post-1581","page","type-page","status-publish","has-post-thumbnail","hentry"],"yoast_head":"<!-- This site is optimized with the Yoast SEO plugin v27.4 - https:\/\/yoast.com\/product\/yoast-seo-wordpress\/ -->\n<title>SPORTPESCA Classifica\u00e7\u00e3o - Velejar<\/title>\n<meta name=\"robots\" content=\"index, follow, max-snippet:-1, max-image-preview:large, max-video-preview:-1\" \/>\n<link rel=\"canonical\" href=\"https:\/\/velejar.org\/en\/sportpesca-classificacao\/\" \/>\n<meta property=\"og:locale\" content=\"en_US\" \/>\n<meta property=\"og:type\" content=\"article\" \/>\n<meta property=\"og:title\" content=\"SPORTPESCA Classifica\u00e7\u00e3o - Velejar\" \/>\n<meta property=\"og:description\" content=\"SportPesca &#8211; 2025 &#8211; 1\u00ba Etapa &#8211; Desembarcada &#8211; Classifica\u00e7\u00e3o Geral Atleta Setor Maior Pescado Peso (g) Total de Pe\u00e7as Total (Peso) PTS Classifica\u00e7\u00e3o Zinaldo Chaves Cabral filho 24 Robalo 2540 29 4244 1 Luis Cl\u00e1udio Moreira Camilo 1 Carapeba 318 31 2500 2 Marcos Barreto Macedo 26 Cor\u00f3 50 13 2348 3 Jos\u00e9 Urtiga&hellip;\" \/>\n<meta property=\"og:url\" content=\"https:\/\/velejar.org\/en\/sportpesca-classificacao\/\" \/>\n<meta property=\"og:site_name\" content=\"Velejar\" \/>\n<meta property=\"article:modified_time\" content=\"2025-11-02T23:36:09+00:00\" \/>\n<meta property=\"og:image\" content=\"https:\/\/velejar.org\/wp-content\/uploads\/2024\/07\/LOGO-SPORTPESCA.png\" \/>\n\t<meta property=\"og:image:width\" content=\"586\" \/>\n\t<meta property=\"og:image:height\" content=\"314\" \/>\n\t<meta property=\"og:image:type\" content=\"image\/png\" \/>\n<meta name=\"twitter:card\" content=\"summary_large_image\" \/>\n<meta name=\"twitter:label1\" content=\"Est. reading time\" \/>\n\t<meta name=\"twitter:data1\" content=\"3 minutes\" \/>\n<script type=\"application\/ld+json\" class=\"yoast-schema-graph\">{\"@context\":\"https:\\\/\\\/schema.org\",\"@graph\":[{\"@type\":\"WebPage\",\"@id\":\"https:\\\/\\\/velejar.org\\\/sportpesca-classificacao\\\/\",\"url\":\"https:\\\/\\\/velejar.org\\\/sportpesca-classificacao\\\/\",\"name\":\"SPORTPESCA Classifica\u00e7\u00e3o - Velejar\",\"isPartOf\":{\"@id\":\"https:\\\/\\\/velejar.org\\\/#website\"},\"primaryImageOfPage\":{\"@id\":\"https:\\\/\\\/velejar.org\\\/sportpesca-classificacao\\\/#primaryimage\"},\"image\":{\"@id\":\"https:\\\/\\\/velejar.org\\\/sportpesca-classificacao\\\/#primaryimage\"},\"thumbnailUrl\":\"https:\\\/\\\/velejar.org\\\/wp-content\\\/uploads\\\/2024\\\/07\\\/LOGO-SPORTPESCA.png\",\"datePublished\":\"2025-11-02T23:14:05+00:00\",\"dateModified\":\"2025-11-02T23:36:09+00:00\",\"breadcrumb\":{\"@id\":\"https:\\\/\\\/velejar.org\\\/sportpesca-classificacao\\\/#breadcrumb\"},\"inLanguage\":\"en-US\",\"potentialAction\":[{\"@type\":\"ReadAction\",\"target\":[\"https:\\\/\\\/velejar.org\\\/sportpesca-classificacao\\\/\"]}]},{\"@type\":\"ImageObject\",\"inLanguage\":\"en-US\",\"@id\":\"https:\\\/\\\/velejar.org\\\/sportpesca-classificacao\\\/#primaryimage\",\"url\":\"https:\\\/\\\/velejar.org\\\/wp-content\\\/uploads\\\/2024\\\/07\\\/LOGO-SPORTPESCA.png\",\"contentUrl\":\"https:\\\/\\\/velejar.org\\\/wp-content\\\/uploads\\\/2024\\\/07\\\/LOGO-SPORTPESCA.png\",\"width\":586,\"height\":314},{\"@type\":\"BreadcrumbList\",\"@id\":\"https:\\\/\\\/velejar.org\\\/sportpesca-classificacao\\\/#breadcrumb\",\"itemListElement\":[{\"@type\":\"ListItem\",\"position\":1,\"name\":\"In\u00edcio\",\"item\":\"https:\\\/\\\/velejar.org\\\/\"},{\"@type\":\"ListItem\",\"position\":2,\"name\":\"SPORTPESCA Classifica\u00e7\u00e3o\"}]},{\"@type\":\"WebSite\",\"@id\":\"https:\\\/\\\/velejar.org\\\/#website\",\"url\":\"https:\\\/\\\/velejar.org\\\/\",\"name\":\"Velejar\",\"description\":\"Campeonato de Embarca\u00e7\u00f5es a Vela\",\"publisher\":{\"@id\":\"https:\\\/\\\/velejar.org\\\/#organization\"},\"potentialAction\":[{\"@type\":\"SearchAction\",\"target\":{\"@type\":\"EntryPoint\",\"urlTemplate\":\"https:\\\/\\\/velejar.org\\\/?s={search_term_string}\"},\"query-input\":{\"@type\":\"PropertyValueSpecification\",\"valueRequired\":true,\"valueName\":\"search_term_string\"}}],\"inLanguage\":\"en-US\"},{\"@type\":\"Organization\",\"@id\":\"https:\\\/\\\/velejar.org\\\/#organization\",\"name\":\"Projeto Velejar\",\"url\":\"https:\\\/\\\/velejar.org\\\/\",\"logo\":{\"@type\":\"ImageObject\",\"inLanguage\":\"en-US\",\"@id\":\"https:\\\/\\\/velejar.org\\\/#\\\/schema\\\/logo\\\/image\\\/\",\"url\":\"https:\\\/\\\/velejar.net-br.net\\\/wp-content\\\/uploads\\\/2021\\\/12\\\/velejar-projeto-ico.jpg\",\"contentUrl\":\"https:\\\/\\\/velejar.net-br.net\\\/wp-content\\\/uploads\\\/2021\\\/12\\\/velejar-projeto-ico.jpg\",\"width\":143,\"height\":146,\"caption\":\"Projeto Velejar\"},\"image\":{\"@id\":\"https:\\\/\\\/velejar.org\\\/#\\\/schema\\\/logo\\\/image\\\/\"}}]}<\/script>\n<!-- \/ Yoast SEO plugin. -->","yoast_head_json":{"title":"SPORTPESCA Classifica\u00e7\u00e3o - Velejar","robots":{"index":"index","follow":"follow","max-snippet":"max-snippet:-1","max-image-preview":"max-image-preview:large","max-video-preview":"max-video-preview:-1"},"canonical":"https:\/\/velejar.org\/en\/sportpesca-classificacao\/","og_locale":"en_US","og_type":"article","og_title":"SPORTPESCA Classifica\u00e7\u00e3o - Velejar","og_description":"SportPesca &#8211; 2025 &#8211; 1\u00ba Etapa &#8211; Desembarcada &#8211; Classifica\u00e7\u00e3o Geral Atleta Setor Maior Pescado Peso (g) Total de Pe\u00e7as Total (Peso) PTS Classifica\u00e7\u00e3o Zinaldo Chaves Cabral filho 24 Robalo 2540 29 4244 1 Luis Cl\u00e1udio Moreira Camilo 1 Carapeba 318 31 2500 2 Marcos Barreto Macedo 26 Cor\u00f3 50 13 2348 3 Jos\u00e9 Urtiga&hellip;","og_url":"https:\/\/velejar.org\/en\/sportpesca-classificacao\/","og_site_name":"Velejar","article_modified_time":"2025-11-02T23:36:09+00:00","og_image":[{"width":586,"height":314,"url":"https:\/\/velejar.org\/wp-content\/uploads\/2024\/07\/LOGO-SPORTPESCA.png","type":"image\/png"}],"twitter_card":"summary_large_image","twitter_misc":{"Est. reading time":"3 minutes"},"schema":{"@context":"https:\/\/schema.org","@graph":[{"@type":"WebPage","@id":"https:\/\/velejar.org\/sportpesca-classificacao\/","url":"https:\/\/velejar.org\/sportpesca-classificacao\/","name":"SPORTPESCA Classifica\u00e7\u00e3o - Velejar","isPartOf":{"@id":"https:\/\/velejar.org\/#website"},"primaryImageOfPage":{"@id":"https:\/\/velejar.org\/sportpesca-classificacao\/#primaryimage"},"image":{"@id":"https:\/\/velejar.org\/sportpesca-classificacao\/#primaryimage"},"thumbnailUrl":"https:\/\/velejar.org\/wp-content\/uploads\/2024\/07\/LOGO-SPORTPESCA.png","datePublished":"2025-11-02T23:14:05+00:00","dateModified":"2025-11-02T23:36:09+00:00","breadcrumb":{"@id":"https:\/\/velejar.org\/sportpesca-classificacao\/#breadcrumb"},"inLanguage":"en-US","potentialAction":[{"@type":"ReadAction","target":["https:\/\/velejar.org\/sportpesca-classificacao\/"]}]},{"@type":"ImageObject","inLanguage":"en-US","@id":"https:\/\/velejar.org\/sportpesca-classificacao\/#primaryimage","url":"https:\/\/velejar.org\/wp-content\/uploads\/2024\/07\/LOGO-SPORTPESCA.png","contentUrl":"https:\/\/velejar.org\/wp-content\/uploads\/2024\/07\/LOGO-SPORTPESCA.png","width":586,"height":314},{"@type":"BreadcrumbList","@id":"https:\/\/velejar.org\/sportpesca-classificacao\/#breadcrumb","itemListElement":[{"@type":"ListItem","position":1,"name":"In\u00edcio","item":"https:\/\/velejar.org\/"},{"@type":"ListItem","position":2,"name":"SPORTPESCA Classifica\u00e7\u00e3o"}]},{"@type":"WebSite","@id":"https:\/\/velejar.org\/#website","url":"https:\/\/velejar.org\/","name":"sail","description":"Sailing Vessel Championship","publisher":{"@id":"https:\/\/velejar.org\/#organization"},"potentialAction":[{"@type":"SearchAction","target":{"@type":"EntryPoint","urlTemplate":"https:\/\/velejar.org\/?s={search_term_string}"},"query-input":{"@type":"PropertyValueSpecification","valueRequired":true,"valueName":"search_term_string"}}],"inLanguage":"en-US"},{"@type":"Organization","@id":"https:\/\/velejar.org\/#organization","name":"Sailing Project","url":"https:\/\/velejar.org\/","logo":{"@type":"ImageObject","inLanguage":"en-US","@id":"https:\/\/velejar.org\/#\/schema\/logo\/image\/","url":"https:\/\/velejar.net-br.net\/wp-content\/uploads\/2021\/12\/velejar-projeto-ico.jpg","contentUrl":"https:\/\/velejar.net-br.net\/wp-content\/uploads\/2021\/12\/velejar-projeto-ico.jpg","width":143,"height":146,"caption":"Projeto Velejar"},"image":{"@id":"https:\/\/velejar.org\/#\/schema\/logo\/image\/"}}]}},"_links":{"self":[{"href":"https:\/\/velejar.org\/en\/wp-json\/wp\/v2\/pages\/1581","targetHints":{"allow":["GET"]}}],"collection":[{"href":"https:\/\/velejar.org\/en\/wp-json\/wp\/v2\/pages"}],"about":[{"href":"https:\/\/velejar.org\/en\/wp-json\/wp\/v2\/types\/page"}],"author":[{"embeddable":true,"href":"https:\/\/velejar.org\/en\/wp-json\/wp\/v2\/users\/1"}],"replies":[{"embeddable":true,"href":"https:\/\/velejar.org\/en\/wp-json\/wp\/v2\/comments?post=1581"}],"version-history":[{"count":14,"href":"https:\/\/velejar.org\/en\/wp-json\/wp\/v2\/pages\/1581\/revisions"}],"predecessor-version":[{"id":1599,"href":"https:\/\/velejar.org\/en\/wp-json\/wp\/v2\/pages\/1581\/revisions\/1599"}],"wp:featuredmedia":[{"embeddable":true,"href":"https:\/\/velejar.org\/en\/wp-json\/wp\/v2\/media\/1389"}],"wp:attachment":[{"href":"https:\/\/velejar.org\/en\/wp-json\/wp\/v2\/media?parent=1581"}],"curies":[{"name":"wp","href":"https:\/\/api.w.org\/{rel}","templated":true}]}}