{"id":2,"date":"2021-12-10T16:16:43","date_gmt":"2021-12-10T19:16:43","guid":{"rendered":"http:\/\/velejar.net-br.net\/?page_id=2"},"modified":"2021-12-10T16:16:43","modified_gmt":"2021-12-10T19:16:43","slug":"pagina-exemplo","status":"publish","type":"page","link":"https:\/\/velejar.org\/en\/pagina-exemplo\/","title":{"rendered":"example page"},"content":{"rendered":"<p>This is an example page. It differs from a blog post in that it will stay in one place and appear in your site navigation in most themes. Many people start with a page that introduces them to potential site visitors. She might say something like this:<\/p>\n\n\n\n<blockquote class=\"wp-block-quote is-layout-flow wp-block-quote-is-layout-flow\"><p>Hi! I&#039;m a bike messenger by day, aspiring actor by night, and this is my website. I live in S\u00e3o Paulo, I have a big dog named Rex and I like to drink caipirinha (and rain showers).<\/p><\/blockquote>\n\n\n\n<p>\u2026or something like this:<\/p>\n\n\n\n<blockquote class=\"wp-block-quote is-layout-flow wp-block-quote-is-layout-flow\"><p>The XYZ Miniature Company was founded in 1971, and has since been providing quality miniatures to the public. Located in the city of Itu, XYZ employs over 2,000 people and does great things for the city&#039;s community.<\/p><\/blockquote>\n\n\n\n<p>As a new WordPress user, you should go to <a href=\"http:\/\/velejar.net-br.net\/wp-admin\/\">panel<\/a> to delete that page and create new pages for your content. Have a good time!<\/p>","protected":false},"excerpt":{"rendered":"<p>This is an example page. It&#039;s different from a blog post because it will stay in one place and appear in your site&#039;s navigation in most themes. Many people start with a page that introduces them to potential site visitors. She might say something like this: Hello! I am a messenger of\u2026<\/p>","protected":false},"author":1,"featured_media":0,"parent":0,"menu_order":0,"comment_status":"closed","ping_status":"open","template":"","meta":{"footnotes":""},"class_list":["post-2","page","type-page","status-publish","hentry"],"yoast_head":"<!-- This site is optimized with the Yoast SEO plugin v27.4 - https:\/\/yoast.com\/product\/yoast-seo-wordpress\/ -->\n<title>P\u00e1gina de exemplo - Velejar<\/title>\n<meta name=\"robots\" content=\"index, follow, max-snippet:-1, max-image-preview:large, max-video-preview:-1\" \/>\n<link rel=\"canonical\" href=\"https:\/\/velejar.org\/en\/pagina-exemplo\/\" \/>\n<meta property=\"og:locale\" content=\"en_US\" \/>\n<meta property=\"og:type\" content=\"article\" \/>\n<meta property=\"og:title\" content=\"P\u00e1gina de exemplo - Velejar\" \/>\n<meta property=\"og:description\" content=\"Esta \u00e9 uma p\u00e1gina de exemplo. \u00c9 diferente de um post no blog porque ela permanecer\u00e1 em um lugar e aparecer\u00e1 na navega\u00e7\u00e3o do seu site na maioria dos temas. Muitas pessoas come\u00e7am com uma p\u00e1gina que as apresenta a poss\u00edveis visitantes do site. Ela pode dizer algo assim: Ol\u00e1! Eu sou um mensageiro de&hellip;\" \/>\n<meta property=\"og:url\" content=\"https:\/\/velejar.org\/en\/pagina-exemplo\/\" \/>\n<meta property=\"og:site_name\" content=\"Velejar\" \/>\n<meta name=\"twitter:card\" content=\"summary_large_image\" \/>\n<meta name=\"twitter:label1\" content=\"Est. reading time\" \/>\n\t<meta name=\"twitter:data1\" content=\"1 minute\" \/>\n<script type=\"application\/ld+json\" class=\"yoast-schema-graph\">{\"@context\":\"https:\\\/\\\/schema.org\",\"@graph\":[{\"@type\":\"WebPage\",\"@id\":\"https:\\\/\\\/velejar.org\\\/pagina-exemplo\\\/\",\"url\":\"https:\\\/\\\/velejar.org\\\/pagina-exemplo\\\/\",\"name\":\"P\u00e1gina de exemplo - Velejar\",\"isPartOf\":{\"@id\":\"https:\\\/\\\/velejar.org\\\/#website\"},\"datePublished\":\"2021-12-10T19:16:43+00:00\",\"breadcrumb\":{\"@id\":\"https:\\\/\\\/velejar.org\\\/pagina-exemplo\\\/#breadcrumb\"},\"inLanguage\":\"en-US\",\"potentialAction\":[{\"@type\":\"ReadAction\",\"target\":[\"https:\\\/\\\/velejar.org\\\/pagina-exemplo\\\/\"]}]},{\"@type\":\"BreadcrumbList\",\"@id\":\"https:\\\/\\\/velejar.org\\\/pagina-exemplo\\\/#breadcrumb\",\"itemListElement\":[{\"@type\":\"ListItem\",\"position\":1,\"name\":\"In\u00edcio\",\"item\":\"https:\\\/\\\/velejar.org\\\/\"},{\"@type\":\"ListItem\",\"position\":2,\"name\":\"P\u00e1gina de exemplo\"}]},{\"@type\":\"WebSite\",\"@id\":\"https:\\\/\\\/velejar.org\\\/#website\",\"url\":\"https:\\\/\\\/velejar.org\\\/\",\"name\":\"Velejar\",\"description\":\"Campeonato de Embarca\u00e7\u00f5es a Vela\",\"publisher\":{\"@id\":\"https:\\\/\\\/velejar.org\\\/#organization\"},\"potentialAction\":[{\"@type\":\"SearchAction\",\"target\":{\"@type\":\"EntryPoint\",\"urlTemplate\":\"https:\\\/\\\/velejar.org\\\/?s={search_term_string}\"},\"query-input\":{\"@type\":\"PropertyValueSpecification\",\"valueRequired\":true,\"valueName\":\"search_term_string\"}}],\"inLanguage\":\"en-US\"},{\"@type\":\"Organization\",\"@id\":\"https:\\\/\\\/velejar.org\\\/#organization\",\"name\":\"Projeto Velejar\",\"url\":\"https:\\\/\\\/velejar.org\\\/\",\"logo\":{\"@type\":\"ImageObject\",\"inLanguage\":\"en-US\",\"@id\":\"https:\\\/\\\/velejar.org\\\/#\\\/schema\\\/logo\\\/image\\\/\",\"url\":\"https:\\\/\\\/velejar.net-br.net\\\/wp-content\\\/uploads\\\/2021\\\/12\\\/velejar-projeto-ico.jpg\",\"contentUrl\":\"https:\\\/\\\/velejar.net-br.net\\\/wp-content\\\/uploads\\\/2021\\\/12\\\/velejar-projeto-ico.jpg\",\"width\":143,\"height\":146,\"caption\":\"Projeto Velejar\"},\"image\":{\"@id\":\"https:\\\/\\\/velejar.org\\\/#\\\/schema\\\/logo\\\/image\\\/\"}}]}<\/script>\n<!-- \/ Yoast SEO plugin. -->","yoast_head_json":{"title":"P\u00e1gina de exemplo - Velejar","robots":{"index":"index","follow":"follow","max-snippet":"max-snippet:-1","max-image-preview":"max-image-preview:large","max-video-preview":"max-video-preview:-1"},"canonical":"https:\/\/velejar.org\/en\/pagina-exemplo\/","og_locale":"en_US","og_type":"article","og_title":"P\u00e1gina de exemplo - Velejar","og_description":"Esta \u00e9 uma p\u00e1gina de exemplo. \u00c9 diferente de um post no blog porque ela permanecer\u00e1 em um lugar e aparecer\u00e1 na navega\u00e7\u00e3o do seu site na maioria dos temas. Muitas pessoas come\u00e7am com uma p\u00e1gina que as apresenta a poss\u00edveis visitantes do site. Ela pode dizer algo assim: Ol\u00e1! Eu sou um mensageiro de&hellip;","og_url":"https:\/\/velejar.org\/en\/pagina-exemplo\/","og_site_name":"Velejar","twitter_card":"summary_large_image","twitter_misc":{"Est. reading time":"1 minute"},"schema":{"@context":"https:\/\/schema.org","@graph":[{"@type":"WebPage","@id":"https:\/\/velejar.org\/pagina-exemplo\/","url":"https:\/\/velejar.org\/pagina-exemplo\/","name":"P\u00e1gina de exemplo - Velejar","isPartOf":{"@id":"https:\/\/velejar.org\/#website"},"datePublished":"2021-12-10T19:16:43+00:00","breadcrumb":{"@id":"https:\/\/velejar.org\/pagina-exemplo\/#breadcrumb"},"inLanguage":"en-US","potentialAction":[{"@type":"ReadAction","target":["https:\/\/velejar.org\/pagina-exemplo\/"]}]},{"@type":"BreadcrumbList","@id":"https:\/\/velejar.org\/pagina-exemplo\/#breadcrumb","itemListElement":[{"@type":"ListItem","position":1,"name":"In\u00edcio","item":"https:\/\/velejar.org\/"},{"@type":"ListItem","position":2,"name":"P\u00e1gina de exemplo"}]},{"@type":"WebSite","@id":"https:\/\/velejar.org\/#website","url":"https:\/\/velejar.org\/","name":"sail","description":"Sailing Vessel Championship","publisher":{"@id":"https:\/\/velejar.org\/#organization"},"potentialAction":[{"@type":"SearchAction","target":{"@type":"EntryPoint","urlTemplate":"https:\/\/velejar.org\/?s={search_term_string}"},"query-input":{"@type":"PropertyValueSpecification","valueRequired":true,"valueName":"search_term_string"}}],"inLanguage":"en-US"},{"@type":"Organization","@id":"https:\/\/velejar.org\/#organization","name":"Sailing Project","url":"https:\/\/velejar.org\/","logo":{"@type":"ImageObject","inLanguage":"en-US","@id":"https:\/\/velejar.org\/#\/schema\/logo\/image\/","url":"https:\/\/velejar.net-br.net\/wp-content\/uploads\/2021\/12\/velejar-projeto-ico.jpg","contentUrl":"https:\/\/velejar.net-br.net\/wp-content\/uploads\/2021\/12\/velejar-projeto-ico.jpg","width":143,"height":146,"caption":"Projeto Velejar"},"image":{"@id":"https:\/\/velejar.org\/#\/schema\/logo\/image\/"}}]}},"_links":{"self":[{"href":"https:\/\/velejar.org\/en\/wp-json\/wp\/v2\/pages\/2","targetHints":{"allow":["GET"]}}],"collection":[{"href":"https:\/\/velejar.org\/en\/wp-json\/wp\/v2\/pages"}],"about":[{"href":"https:\/\/velejar.org\/en\/wp-json\/wp\/v2\/types\/page"}],"author":[{"embeddable":true,"href":"https:\/\/velejar.org\/en\/wp-json\/wp\/v2\/users\/1"}],"replies":[{"embeddable":true,"href":"https:\/\/velejar.org\/en\/wp-json\/wp\/v2\/comments?post=2"}],"version-history":[{"count":0,"href":"https:\/\/velejar.org\/en\/wp-json\/wp\/v2\/pages\/2\/revisions"}],"wp:attachment":[{"href":"https:\/\/velejar.org\/en\/wp-json\/wp\/v2\/media?parent=2"}],"curies":[{"name":"wp","href":"https:\/\/api.w.org\/{rel}","templated":true}]}}