{"id":280,"date":"2021-12-10T16:43:29","date_gmt":"2021-12-10T19:43:29","guid":{"rendered":"http:\/\/velejar.net-br.net\/?page_id=280"},"modified":"2022-07-23T21:48:06","modified_gmt":"2022-07-24T00:48:06","slug":"projeto-velejar","status":"publish","type":"page","link":"https:\/\/velejar.org\/en\/projeto-velejar\/","title":{"rendered":"Sailing Project"},"content":{"rendered":"<figure class=\"wp-block-image size-large is-style-default\"><img fetchpriority=\"high\" decoding=\"async\" width=\"1024\" height=\"577\" src=\"https:\/\/velejar.org\/wp-content\/uploads\/2022\/02\/DJI_0108-1024x577.jpg\" alt=\"\" class=\"wp-image-606\" srcset=\"https:\/\/velejar.org\/wp-content\/uploads\/2022\/02\/DJI_0108-1024x577.jpg 1024w, https:\/\/velejar.org\/wp-content\/uploads\/2022\/02\/DJI_0108-300x169.jpg 300w, https:\/\/velejar.org\/wp-content\/uploads\/2022\/02\/DJI_0108-768x432.jpg 768w, https:\/\/velejar.org\/wp-content\/uploads\/2022\/02\/DJI_0108-1536x865.jpg 1536w, https:\/\/velejar.org\/wp-content\/uploads\/2022\/02\/DJI_0108-1140x641.jpg 1140w, https:\/\/velejar.org\/wp-content\/uploads\/2022\/02\/DJI_0108-720x405.jpg 720w, https:\/\/velejar.org\/wp-content\/uploads\/2022\/02\/DJI_0108.jpg 2048w\" sizes=\"(max-width: 1024px) 100vw, 1024px\" \/><\/figure>\n\n\n\n<p>The Velejar project was developed by the technical team of the Fisheries and Aquaculture sector of the Municipality of Cabedelo together with the team of the Secretary of Sports, with the support of the Secretary of Tourism, with a focus on promoting sports activities integrated to the local fishing community. .<\/p>\n\n\n\n<p>In addition to the Municipality of Cabedelo, several private organizations support the project and help in its execution before the local community, thus generating a relevant social and tourist impact for the municipality.<\/p>\n\n\n\n<figure class=\"wp-block-gallery has-nested-images columns-default is-cropped wp-block-gallery-1 is-layout-flex wp-block-gallery-is-layout-flex\">\n<figure class=\"wp-block-image size-large is-style-default\"><a href=\"https:\/\/velejar.org\/wp-content\/uploads\/2022\/02\/DJI_0104.jpg\" data-lbwps-width=\"2048\" data-lbwps-height=\"1152\" data-lbwps-srcsmall=\"https:\/\/velejar.org\/wp-content\/uploads\/2022\/02\/DJI_0104.jpg\"><img decoding=\"async\" width=\"2048\" height=\"1152\" data-id=\"605\" src=\"https:\/\/velejar.org\/wp-content\/uploads\/2022\/02\/DJI_0104.jpg\" alt=\"\" class=\"wp-image-605\" srcset=\"https:\/\/velejar.org\/wp-content\/uploads\/2022\/02\/DJI_0104.jpg 2048w, https:\/\/velejar.org\/wp-content\/uploads\/2022\/02\/DJI_0104-300x169.jpg 300w, https:\/\/velejar.org\/wp-content\/uploads\/2022\/02\/DJI_0104-1024x576.jpg 1024w, https:\/\/velejar.org\/wp-content\/uploads\/2022\/02\/DJI_0104-768x432.jpg 768w, https:\/\/velejar.org\/wp-content\/uploads\/2022\/02\/DJI_0104-1536x864.jpg 1536w, https:\/\/velejar.org\/wp-content\/uploads\/2022\/02\/DJI_0104-1140x641.jpg 1140w, https:\/\/velejar.org\/wp-content\/uploads\/2022\/02\/DJI_0104-720x405.jpg 720w\" sizes=\"(max-width: 2048px) 100vw, 2048px\" \/><\/a><\/figure>\n\n\n\n<figure class=\"wp-block-image size-large is-style-default\"><a href=\"https:\/\/velejar.org\/wp-content\/uploads\/2022\/02\/DJI_0119.jpg\" data-lbwps-width=\"2048\" data-lbwps-height=\"1151\" data-lbwps-srcsmall=\"https:\/\/velejar.org\/wp-content\/uploads\/2022\/02\/DJI_0119.jpg\"><img decoding=\"async\" width=\"1024\" height=\"576\" data-id=\"607\" src=\"https:\/\/velejar.org\/wp-content\/uploads\/2022\/02\/DJI_0119-1024x576.jpg\" alt=\"\" class=\"wp-image-607\" srcset=\"https:\/\/velejar.org\/wp-content\/uploads\/2022\/02\/DJI_0119-1024x576.jpg 1024w, https:\/\/velejar.org\/wp-content\/uploads\/2022\/02\/DJI_0119-300x169.jpg 300w, https:\/\/velejar.org\/wp-content\/uploads\/2022\/02\/DJI_0119-768x432.jpg 768w, https:\/\/velejar.org\/wp-content\/uploads\/2022\/02\/DJI_0119-1536x863.jpg 1536w, https:\/\/velejar.org\/wp-content\/uploads\/2022\/02\/DJI_0119-1140x641.jpg 1140w, https:\/\/velejar.org\/wp-content\/uploads\/2022\/02\/DJI_0119-720x405.jpg 720w, https:\/\/velejar.org\/wp-content\/uploads\/2022\/02\/DJI_0119.jpg 2048w\" sizes=\"(max-width: 1024px) 100vw, 1024px\" \/><\/a><\/figure>\n\n\n\n<figure class=\"wp-block-image size-large is-style-default\"><a href=\"https:\/\/velejar.org\/wp-content\/uploads\/2021\/12\/9-velejar-etapa-1-dezembro-2021.jpeg\" data-lbwps-width=\"1416\" data-lbwps-height=\"1062\" data-lbwps-srcsmall=\"https:\/\/velejar.org\/wp-content\/uploads\/2021\/12\/9-velejar-etapa-1-dezembro-2021.jpeg\"><img loading=\"lazy\" decoding=\"async\" width=\"1416\" height=\"1062\" data-id=\"429\" src=\"https:\/\/velejar.org\/wp-content\/uploads\/2021\/12\/9-velejar-etapa-1-dezembro-2021.jpeg\" alt=\"\" class=\"wp-image-429\" srcset=\"https:\/\/velejar.org\/wp-content\/uploads\/2021\/12\/9-velejar-etapa-1-dezembro-2021.jpeg 1416w, https:\/\/velejar.org\/wp-content\/uploads\/2021\/12\/9-velejar-etapa-1-dezembro-2021-300x225.jpeg 300w, https:\/\/velejar.org\/wp-content\/uploads\/2021\/12\/9-velejar-etapa-1-dezembro-2021-1024x768.jpeg 1024w, https:\/\/velejar.org\/wp-content\/uploads\/2021\/12\/9-velejar-etapa-1-dezembro-2021-768x576.jpeg 768w, https:\/\/velejar.org\/wp-content\/uploads\/2021\/12\/9-velejar-etapa-1-dezembro-2021-160x120.jpeg 160w\" sizes=\"(max-width: 1416px) 100vw, 1416px\" \/><\/a><\/figure>\n\n\n\n<figure class=\"wp-block-image size-large is-style-default\"><a href=\"https:\/\/velejar.org\/wp-content\/uploads\/2021\/12\/14-velejar-etapa-1-dezembro-2021.jpeg\" data-lbwps-width=\"1416\" data-lbwps-height=\"1062\" data-lbwps-srcsmall=\"https:\/\/velejar.org\/wp-content\/uploads\/2021\/12\/14-velejar-etapa-1-dezembro-2021.jpeg\"><img loading=\"lazy\" decoding=\"async\" width=\"1416\" height=\"1062\" data-id=\"434\" src=\"https:\/\/velejar.org\/wp-content\/uploads\/2021\/12\/14-velejar-etapa-1-dezembro-2021.jpeg\" alt=\"\" class=\"wp-image-434\" srcset=\"https:\/\/velejar.org\/wp-content\/uploads\/2021\/12\/14-velejar-etapa-1-dezembro-2021.jpeg 1416w, https:\/\/velejar.org\/wp-content\/uploads\/2021\/12\/14-velejar-etapa-1-dezembro-2021-300x225.jpeg 300w, https:\/\/velejar.org\/wp-content\/uploads\/2021\/12\/14-velejar-etapa-1-dezembro-2021-1024x768.jpeg 1024w, https:\/\/velejar.org\/wp-content\/uploads\/2021\/12\/14-velejar-etapa-1-dezembro-2021-768x576.jpeg 768w, https:\/\/velejar.org\/wp-content\/uploads\/2021\/12\/14-velejar-etapa-1-dezembro-2021-160x120.jpeg 160w\" sizes=\"(max-width: 1416px) 100vw, 1416px\" \/><\/a><\/figure>\n\n\n\n<figure class=\"wp-block-image size-large is-style-default\"><a href=\"https:\/\/velejar.org\/wp-content\/uploads\/2021\/12\/5-velejar-etapa-1-dezembro-2021.jpeg\" data-lbwps-width=\"1416\" data-lbwps-height=\"1062\" data-lbwps-srcsmall=\"https:\/\/velejar.org\/wp-content\/uploads\/2021\/12\/5-velejar-etapa-1-dezembro-2021.jpeg\"><img loading=\"lazy\" decoding=\"async\" width=\"1416\" height=\"1062\" data-id=\"425\" src=\"https:\/\/velejar.org\/wp-content\/uploads\/2021\/12\/5-velejar-etapa-1-dezembro-2021.jpeg\" alt=\"\" class=\"wp-image-425\" srcset=\"https:\/\/velejar.org\/wp-content\/uploads\/2021\/12\/5-velejar-etapa-1-dezembro-2021.jpeg 1416w, https:\/\/velejar.org\/wp-content\/uploads\/2021\/12\/5-velejar-etapa-1-dezembro-2021-300x225.jpeg 300w, https:\/\/velejar.org\/wp-content\/uploads\/2021\/12\/5-velejar-etapa-1-dezembro-2021-1024x768.jpeg 1024w, https:\/\/velejar.org\/wp-content\/uploads\/2021\/12\/5-velejar-etapa-1-dezembro-2021-768x576.jpeg 768w, https:\/\/velejar.org\/wp-content\/uploads\/2021\/12\/5-velejar-etapa-1-dezembro-2021-160x120.jpeg 160w\" sizes=\"(max-width: 1416px) 100vw, 1416px\" \/><\/a><\/figure>\n\n\n\n<figure class=\"wp-block-image size-large is-style-default\"><a href=\"https:\/\/velejar.org\/wp-content\/uploads\/2022\/05\/F12.jpeg\" data-lbwps-width=\"1152\" data-lbwps-height=\"648\" data-lbwps-srcsmall=\"https:\/\/velejar.org\/wp-content\/uploads\/2022\/05\/F12.jpeg\"><img loading=\"lazy\" decoding=\"async\" width=\"1152\" height=\"648\" data-id=\"691\" src=\"https:\/\/velejar.org\/wp-content\/uploads\/2022\/05\/F12.jpeg\" alt=\"\" class=\"wp-image-691\" srcset=\"https:\/\/velejar.org\/wp-content\/uploads\/2022\/05\/F12.jpeg 1152w, https:\/\/velejar.org\/wp-content\/uploads\/2022\/05\/F12-300x169.jpeg 300w, https:\/\/velejar.org\/wp-content\/uploads\/2022\/05\/F12-1024x576.jpeg 1024w, https:\/\/velejar.org\/wp-content\/uploads\/2022\/05\/F12-768x432.jpeg 768w, https:\/\/velejar.org\/wp-content\/uploads\/2022\/05\/F12-1140x641.jpeg 1140w, https:\/\/velejar.org\/wp-content\/uploads\/2022\/05\/F12-720x405.jpeg 720w\" sizes=\"(max-width: 1152px) 100vw, 1152px\" \/><\/a><\/figure>\n<\/figure>","protected":false},"excerpt":{"rendered":"<p>The Velejar project was developed by the technical team of the Fisheries and Aquaculture sector of the Municipality of Cabedelo together with the team of the Secretary of Sports, with the support of the Secretary of Tourism, with a focus on promoting sports activities integrated to the local fishing community. . In addition to the Municipality of Cabedelo, several\u2026<\/p>","protected":false},"author":1,"featured_media":373,"parent":0,"menu_order":0,"comment_status":"closed","ping_status":"closed","template":"","meta":{"footnotes":""},"class_list":["post-280","page","type-page","status-publish","has-post-thumbnail","hentry"],"yoast_head":"<!-- This site is optimized with the Yoast SEO plugin v27.3 - https:\/\/yoast.com\/product\/yoast-seo-wordpress\/ -->\n<title>Projeto Velejar - Velejar<\/title>\n<meta name=\"robots\" content=\"index, follow, max-snippet:-1, max-image-preview:large, max-video-preview:-1\" \/>\n<link rel=\"canonical\" href=\"https:\/\/velejar.org\/en\/projeto-velejar\/\" \/>\n<meta property=\"og:locale\" content=\"en_US\" \/>\n<meta property=\"og:type\" content=\"article\" \/>\n<meta property=\"og:title\" content=\"Projeto Velejar - Velejar\" \/>\n<meta property=\"og:description\" content=\"O projeto Velejar foi desenvolvido pela equipe t\u00e9cnica do setor de Pesca e Aquicultura da Prefeitura Municipal de Cabedelo junto com a equipe da Secret\u00e1ria de Esportes, tendo o apoio da Secretaria de Turismo, com o foco na promo\u00e7\u00e3o de atividades esportivas integradas a comunidade de pescadores locais. Al\u00e9m da Prefeitura Municipal de Cabedelo v\u00e1rias&hellip;\" \/>\n<meta property=\"og:url\" content=\"https:\/\/velejar.org\/en\/projeto-velejar\/\" \/>\n<meta property=\"og:site_name\" content=\"Velejar\" \/>\n<meta property=\"article:modified_time\" content=\"2022-07-24T00:48:06+00:00\" \/>\n<meta property=\"og:image\" content=\"https:\/\/velejar.org\/wp-content\/uploads\/2021\/12\/velejar-projeto-logo.jpg\" \/>\n\t<meta property=\"og:image:width\" content=\"523\" \/>\n\t<meta property=\"og:image:height\" content=\"208\" \/>\n\t<meta property=\"og:image:type\" content=\"image\/jpeg\" \/>\n<meta name=\"twitter:card\" content=\"summary_large_image\" \/>\n<meta name=\"twitter:label1\" content=\"Est. reading time\" \/>\n\t<meta name=\"twitter:data1\" content=\"2 minutes\" \/>\n<script type=\"application\/ld+json\" class=\"yoast-schema-graph\">{\"@context\":\"https:\\\/\\\/schema.org\",\"@graph\":[{\"@type\":\"WebPage\",\"@id\":\"https:\\\/\\\/velejar.org\\\/projeto-velejar\\\/\",\"url\":\"https:\\\/\\\/velejar.org\\\/projeto-velejar\\\/\",\"name\":\"Projeto Velejar - Velejar\",\"isPartOf\":{\"@id\":\"https:\\\/\\\/velejar.org\\\/#website\"},\"primaryImageOfPage\":{\"@id\":\"https:\\\/\\\/velejar.org\\\/projeto-velejar\\\/#primaryimage\"},\"image\":{\"@id\":\"https:\\\/\\\/velejar.org\\\/projeto-velejar\\\/#primaryimage\"},\"thumbnailUrl\":\"https:\\\/\\\/velejar.org\\\/wp-content\\\/uploads\\\/2021\\\/12\\\/velejar-projeto-logo.jpg\",\"datePublished\":\"2021-12-10T19:43:29+00:00\",\"dateModified\":\"2022-07-24T00:48:06+00:00\",\"breadcrumb\":{\"@id\":\"https:\\\/\\\/velejar.org\\\/projeto-velejar\\\/#breadcrumb\"},\"inLanguage\":\"en-US\",\"potentialAction\":[{\"@type\":\"ReadAction\",\"target\":[\"https:\\\/\\\/velejar.org\\\/projeto-velejar\\\/\"]}]},{\"@type\":\"ImageObject\",\"inLanguage\":\"en-US\",\"@id\":\"https:\\\/\\\/velejar.org\\\/projeto-velejar\\\/#primaryimage\",\"url\":\"https:\\\/\\\/velejar.org\\\/wp-content\\\/uploads\\\/2021\\\/12\\\/velejar-projeto-logo.jpg\",\"contentUrl\":\"https:\\\/\\\/velejar.org\\\/wp-content\\\/uploads\\\/2021\\\/12\\\/velejar-projeto-logo.jpg\",\"width\":523,\"height\":208},{\"@type\":\"BreadcrumbList\",\"@id\":\"https:\\\/\\\/velejar.org\\\/projeto-velejar\\\/#breadcrumb\",\"itemListElement\":[{\"@type\":\"ListItem\",\"position\":1,\"name\":\"In\u00edcio\",\"item\":\"https:\\\/\\\/velejar.org\\\/\"},{\"@type\":\"ListItem\",\"position\":2,\"name\":\"Projeto Velejar\"}]},{\"@type\":\"WebSite\",\"@id\":\"https:\\\/\\\/velejar.org\\\/#website\",\"url\":\"https:\\\/\\\/velejar.org\\\/\",\"name\":\"Velejar\",\"description\":\"Campeonato de Embarca\u00e7\u00f5es a Vela\",\"publisher\":{\"@id\":\"https:\\\/\\\/velejar.org\\\/#organization\"},\"potentialAction\":[{\"@type\":\"SearchAction\",\"target\":{\"@type\":\"EntryPoint\",\"urlTemplate\":\"https:\\\/\\\/velejar.org\\\/?s={search_term_string}\"},\"query-input\":{\"@type\":\"PropertyValueSpecification\",\"valueRequired\":true,\"valueName\":\"search_term_string\"}}],\"inLanguage\":\"en-US\"},{\"@type\":\"Organization\",\"@id\":\"https:\\\/\\\/velejar.org\\\/#organization\",\"name\":\"Projeto Velejar\",\"url\":\"https:\\\/\\\/velejar.org\\\/\",\"logo\":{\"@type\":\"ImageObject\",\"inLanguage\":\"en-US\",\"@id\":\"https:\\\/\\\/velejar.org\\\/#\\\/schema\\\/logo\\\/image\\\/\",\"url\":\"https:\\\/\\\/velejar.net-br.net\\\/wp-content\\\/uploads\\\/2021\\\/12\\\/velejar-projeto-ico.jpg\",\"contentUrl\":\"https:\\\/\\\/velejar.net-br.net\\\/wp-content\\\/uploads\\\/2021\\\/12\\\/velejar-projeto-ico.jpg\",\"width\":143,\"height\":146,\"caption\":\"Projeto Velejar\"},\"image\":{\"@id\":\"https:\\\/\\\/velejar.org\\\/#\\\/schema\\\/logo\\\/image\\\/\"}}]}<\/script>\n<!-- \/ Yoast SEO plugin. -->","yoast_head_json":{"title":"Sailing Project - Sailing","robots":{"index":"index","follow":"follow","max-snippet":"max-snippet:-1","max-image-preview":"max-image-preview:large","max-video-preview":"max-video-preview:-1"},"canonical":"https:\/\/velejar.org\/en\/projeto-velejar\/","og_locale":"en_US","og_type":"article","og_title":"Projeto Velejar - Velejar","og_description":"O projeto Velejar foi desenvolvido pela equipe t\u00e9cnica do setor de Pesca e Aquicultura da Prefeitura Municipal de Cabedelo junto com a equipe da Secret\u00e1ria de Esportes, tendo o apoio da Secretaria de Turismo, com o foco na promo\u00e7\u00e3o de atividades esportivas integradas a comunidade de pescadores locais. Al\u00e9m da Prefeitura Municipal de Cabedelo v\u00e1rias&hellip;","og_url":"https:\/\/velejar.org\/en\/projeto-velejar\/","og_site_name":"Velejar","article_modified_time":"2022-07-24T00:48:06+00:00","og_image":[{"width":523,"height":208,"url":"https:\/\/velejar.org\/wp-content\/uploads\/2021\/12\/velejar-projeto-logo.jpg","type":"image\/jpeg"}],"twitter_card":"summary_large_image","twitter_misc":{"Est. reading time":"2 minutes"},"schema":{"@context":"https:\/\/schema.org","@graph":[{"@type":"WebPage","@id":"https:\/\/velejar.org\/projeto-velejar\/","url":"https:\/\/velejar.org\/projeto-velejar\/","name":"Sailing Project - Sailing","isPartOf":{"@id":"https:\/\/velejar.org\/#website"},"primaryImageOfPage":{"@id":"https:\/\/velejar.org\/projeto-velejar\/#primaryimage"},"image":{"@id":"https:\/\/velejar.org\/projeto-velejar\/#primaryimage"},"thumbnailUrl":"https:\/\/velejar.org\/wp-content\/uploads\/2021\/12\/velejar-projeto-logo.jpg","datePublished":"2021-12-10T19:43:29+00:00","dateModified":"2022-07-24T00:48:06+00:00","breadcrumb":{"@id":"https:\/\/velejar.org\/projeto-velejar\/#breadcrumb"},"inLanguage":"en-US","potentialAction":[{"@type":"ReadAction","target":["https:\/\/velejar.org\/projeto-velejar\/"]}]},{"@type":"ImageObject","inLanguage":"en-US","@id":"https:\/\/velejar.org\/projeto-velejar\/#primaryimage","url":"https:\/\/velejar.org\/wp-content\/uploads\/2021\/12\/velejar-projeto-logo.jpg","contentUrl":"https:\/\/velejar.org\/wp-content\/uploads\/2021\/12\/velejar-projeto-logo.jpg","width":523,"height":208},{"@type":"BreadcrumbList","@id":"https:\/\/velejar.org\/projeto-velejar\/#breadcrumb","itemListElement":[{"@type":"ListItem","position":1,"name":"In\u00edcio","item":"https:\/\/velejar.org\/"},{"@type":"ListItem","position":2,"name":"Projeto Velejar"}]},{"@type":"WebSite","@id":"https:\/\/velejar.org\/#website","url":"https:\/\/velejar.org\/","name":"sail","description":"Sailing Vessel Championship","publisher":{"@id":"https:\/\/velejar.org\/#organization"},"potentialAction":[{"@type":"SearchAction","target":{"@type":"EntryPoint","urlTemplate":"https:\/\/velejar.org\/?s={search_term_string}"},"query-input":{"@type":"PropertyValueSpecification","valueRequired":true,"valueName":"search_term_string"}}],"inLanguage":"en-US"},{"@type":"Organization","@id":"https:\/\/velejar.org\/#organization","name":"Sailing Project","url":"https:\/\/velejar.org\/","logo":{"@type":"ImageObject","inLanguage":"en-US","@id":"https:\/\/velejar.org\/#\/schema\/logo\/image\/","url":"https:\/\/velejar.net-br.net\/wp-content\/uploads\/2021\/12\/velejar-projeto-ico.jpg","contentUrl":"https:\/\/velejar.net-br.net\/wp-content\/uploads\/2021\/12\/velejar-projeto-ico.jpg","width":143,"height":146,"caption":"Projeto Velejar"},"image":{"@id":"https:\/\/velejar.org\/#\/schema\/logo\/image\/"}}]}},"_links":{"self":[{"href":"https:\/\/velejar.org\/en\/wp-json\/wp\/v2\/pages\/280","targetHints":{"allow":["GET"]}}],"collection":[{"href":"https:\/\/velejar.org\/en\/wp-json\/wp\/v2\/pages"}],"about":[{"href":"https:\/\/velejar.org\/en\/wp-json\/wp\/v2\/types\/page"}],"author":[{"embeddable":true,"href":"https:\/\/velejar.org\/en\/wp-json\/wp\/v2\/users\/1"}],"replies":[{"embeddable":true,"href":"https:\/\/velejar.org\/en\/wp-json\/wp\/v2\/comments?post=280"}],"version-history":[{"count":5,"href":"https:\/\/velejar.org\/en\/wp-json\/wp\/v2\/pages\/280\/revisions"}],"predecessor-version":[{"id":821,"href":"https:\/\/velejar.org\/en\/wp-json\/wp\/v2\/pages\/280\/revisions\/821"}],"wp:featuredmedia":[{"embeddable":true,"href":"https:\/\/velejar.org\/en\/wp-json\/wp\/v2\/media\/373"}],"wp:attachment":[{"href":"https:\/\/velejar.org\/en\/wp-json\/wp\/v2\/media?parent=280"}],"curies":[{"name":"wp","href":"https:\/\/api.w.org\/{rel}","templated":true}]}}