{"id":324,"date":"2021-12-10T17:12:25","date_gmt":"2021-12-10T20:12:25","guid":{"rendered":"https:\/\/velejar.net-br.net\/?page_id=324"},"modified":"2024-04-24T14:42:29","modified_gmt":"2024-04-24T17:42:29","slug":"parceiros","status":"publish","type":"page","link":"https:\/\/velejar.org\/en\/parceiros\/","title":{"rendered":"partners"},"content":{"rendered":"<div data-elementor-type=\"wp-page\" data-elementor-id=\"324\" class=\"elementor elementor-324\">\n\t\t\t\t\t\t<section class=\"elementor-section elementor-top-section elementor-element elementor-element-6a88748a elementor-section-boxed elementor-section-height-default elementor-section-height-default\" data-id=\"6a88748a\" data-element_type=\"section\" data-e-type=\"section\">\n\t\t\t\t\t\t<div class=\"elementor-container elementor-column-gap-default\">\n\t\t\t\t\t<div class=\"elementor-column elementor-col-100 elementor-top-column elementor-element elementor-element-2adbbe83\" data-id=\"2adbbe83\" data-element_type=\"column\" data-e-type=\"column\">\n\t\t\t<div class=\"elementor-widget-wrap elementor-element-populated\">\n\t\t\t\t\t\t<div class=\"elementor-element elementor-element-233718c5 elementor-widget elementor-widget-text-editor\" data-id=\"233718c5\" data-element_type=\"widget\" data-e-type=\"widget\" data-widget_type=\"text-editor.default\">\n\t\t\t\t<div class=\"elementor-widget-container\">\n\t\t\t\t\t\t\t\t\t\n<figure class=\"wp-block-table aligncenter\">\n<table>\n<tbody>\n<tr>\n<td class=\"has-text-align-center\" data-align=\"center\"><img decoding=\"async\" src=\"https:\/\/velejar.org\/wp-content\/uploads\/2021\/12\/cabedelo-brasao-logo.jpg\" alt=\"\" width=\"159\" height=\"175\" \/><br \/><strong>SEMAM - Secretary of the Environment<\/strong><\/td>\n<td class=\"has-text-align-center\" data-align=\"center\"><img decoding=\"async\" src=\"https:\/\/velejar.org\/wp-content\/uploads\/2021\/12\/cabedelo-brasao-logo.jpg\" alt=\"\" width=\"159\" height=\"175\" \/><br \/><strong>SEJEL<\/strong> \u2013 <strong>Sports Department <\/strong><\/td>\n<td class=\"has-text-align-center\" data-align=\"center\"><img decoding=\"async\" src=\"https:\/\/velejar.org\/wp-content\/uploads\/2021\/12\/cabedelo-brasao-logo.jpg\" alt=\"\" width=\"159\" height=\"175\" \/><br \/><strong> SETUR <\/strong>\u2013 <strong>Tourism secretary <\/strong><\/td>\n<\/tr>\n<tr>\n<td class=\"has-text-align-center\" data-align=\"center\"><img decoding=\"async\" src=\"https:\/\/velejar.org\/wp-content\/uploads\/2021\/12\/logo-colonia-pescadores-z2-cabedelo.jpg\" alt=\"\" width=\"186\" height=\"178\" \/><br \/><strong><span class=\"has-inline-color has-vivid-cyan-blue-color\">Cabedelo Fishermen&#039;s Colony \u2013 Z2<\/span><\/strong><\/td>\n<td class=\"has-text-align-center\" data-align=\"center\"><img decoding=\"async\" src=\"https:\/\/velejar.org\/wp-content\/uploads\/2021\/12\/LOGO.jpg\" alt=\"\" width=\"164\" height=\"159\" \/><br \/><strong><span class=\"has-inline-color has-vivid-cyan-blue-color\">Camala\u00fa Neighborhood Residents Association \u2013 Cabedelo<\/span><\/strong><\/td>\n<td class=\"has-text-align-center\" data-align=\"center\"><a href=\"https:\/\/speedwebdesigner.net\" target=\"_blank\" rel=\"noreferrer noopener\" data-type=\"URL\" data-id=\"https:\/\/speedwebdesigner.net\"><img decoding=\"async\" src=\"https:\/\/velejar.org\/wp-content\/uploads\/2021\/12\/sw-logo.jpg\" alt=\"\" \/><\/a><\/td>\n<\/tr>\n<tr>\n<td class=\"has-text-align-center\" data-align=\"center\"><a href=\"https:\/\/www.marinha.mil.br\/\" target=\"_blank\" rel=\"noreferrer noopener\" data-type=\"URL\" data-id=\"https:\/\/www.marinha.mil.br\/\"><img loading=\"lazy\" decoding=\"async\" src=\"https:\/\/velejar.org\/wp-content\/uploads\/2021\/12\/nova-logomarca-mb.jpg\" alt=\"\" width=\"222\" height=\"278\" \/><\/a><\/td>\n<td class=\"has-text-align-center\" data-align=\"center\"><a href=\"https:\/\/bombeiros.pb.gov.br\/\" target=\"_blank\" rel=\"noreferrer noopener\" data-type=\"URL\" data-id=\"https:\/\/bombeiros.pb.gov.br\/\"><img decoding=\"async\" src=\"https:\/\/velejar.org\/wp-content\/uploads\/2021\/12\/bombeiros-logomarca-paraiba.png\" alt=\"\" \/><\/a><\/td>\n<td class=\"has-text-align-center\" data-align=\"center\"><a href=\"https:\/\/www.facebook.com\/apmar.renascer3\/\" target=\"_blank\" rel=\"noopener\"><img loading=\"lazy\" decoding=\"async\" class=\"alignnone size-medium wp-image-1289\" src=\"https:\/\/velejar.org\/wp-content\/uploads\/2024\/04\/LOGO-PROJETO-MULHERES-DAS-AGUAS-287x300.jpeg\" alt=\"\" width=\"287\" height=\"300\" srcset=\"https:\/\/velejar.org\/wp-content\/uploads\/2024\/04\/LOGO-PROJETO-MULHERES-DAS-AGUAS-287x300.jpeg 287w, https:\/\/velejar.org\/wp-content\/uploads\/2024\/04\/LOGO-PROJETO-MULHERES-DAS-AGUAS-980x1024.jpeg 980w, https:\/\/velejar.org\/wp-content\/uploads\/2024\/04\/LOGO-PROJETO-MULHERES-DAS-AGUAS-768x802.jpeg 768w, https:\/\/velejar.org\/wp-content\/uploads\/2024\/04\/LOGO-PROJETO-MULHERES-DAS-AGUAS-11x12.jpeg 11w, https:\/\/velejar.org\/wp-content\/uploads\/2024\/04\/LOGO-PROJETO-MULHERES-DAS-AGUAS.jpeg 1080w\" sizes=\"(max-width: 287px) 100vw, 287px\" \/><\/a><\/td>\n<\/tr>\n<\/tbody>\n<\/table>\n<\/figure>\n\t\t\t\t\t\t\t\t<\/div>\n\t\t\t\t<\/div>\n\t\t\t\t\t<\/div>\n\t\t<\/div>\n\t\t\t\t\t<\/div>\n\t\t<\/section>\n\t\t\t\t<\/div>","protected":false},"excerpt":{"rendered":"<p>SEMAM- Secretariat for the Environment SEJEL \u2013 Secretariat for Sports SETUR \u2013 Secretariat for Tourism Cabedelo Fishermen&#039;s Colony \u2013 Z2 Camala\u00fa Neighborhood Residents Association \u2013 Cabedelo<\/p>","protected":false},"author":1,"featured_media":434,"parent":0,"menu_order":0,"comment_status":"closed","ping_status":"closed","template":"","meta":{"footnotes":""},"class_list":["post-324","page","type-page","status-publish","has-post-thumbnail","hentry"],"yoast_head":"<!-- This site is optimized with the Yoast SEO plugin v27.3 - https:\/\/yoast.com\/product\/yoast-seo-wordpress\/ -->\n<title>Parceiros - Velejar<\/title>\n<meta name=\"robots\" content=\"index, follow, max-snippet:-1, max-image-preview:large, max-video-preview:-1\" \/>\n<link rel=\"canonical\" href=\"https:\/\/velejar.org\/en\/parceiros\/\" \/>\n<meta property=\"og:locale\" content=\"en_US\" \/>\n<meta property=\"og:type\" content=\"article\" \/>\n<meta property=\"og:title\" content=\"Parceiros - Velejar\" \/>\n<meta property=\"og:description\" content=\"SEMAM- Secretaria de Meio Ambiente SEJEL &#8211; Secretaria de Esportes SETUR &#8211; Secretaria de Turismo Col\u00f4nia de Pescadores de Cabedelo &#8211; Z2 Associa\u00e7\u00e3o de Moradores do Bairro de Camala\u00fa &#8211; Cabedelo\" \/>\n<meta property=\"og:url\" content=\"https:\/\/velejar.org\/en\/parceiros\/\" \/>\n<meta property=\"og:site_name\" content=\"Velejar\" \/>\n<meta property=\"article:modified_time\" content=\"2024-04-24T17:42:29+00:00\" \/>\n<meta property=\"og:image\" content=\"https:\/\/velejar.org\/wp-content\/uploads\/2021\/12\/14-velejar-etapa-1-dezembro-2021.jpeg\" \/>\n\t<meta property=\"og:image:width\" content=\"1416\" \/>\n\t<meta property=\"og:image:height\" content=\"1062\" \/>\n\t<meta property=\"og:image:type\" content=\"image\/jpeg\" \/>\n<meta name=\"twitter:card\" content=\"summary_large_image\" \/>\n<meta name=\"twitter:label1\" content=\"Est. reading time\" \/>\n\t<meta name=\"twitter:data1\" content=\"2 minutes\" \/>\n<script type=\"application\/ld+json\" class=\"yoast-schema-graph\">{\"@context\":\"https:\\\/\\\/schema.org\",\"@graph\":[{\"@type\":\"WebPage\",\"@id\":\"https:\\\/\\\/velejar.org\\\/parceiros\\\/\",\"url\":\"https:\\\/\\\/velejar.org\\\/parceiros\\\/\",\"name\":\"Parceiros - Velejar\",\"isPartOf\":{\"@id\":\"https:\\\/\\\/velejar.org\\\/#website\"},\"primaryImageOfPage\":{\"@id\":\"https:\\\/\\\/velejar.org\\\/parceiros\\\/#primaryimage\"},\"image\":{\"@id\":\"https:\\\/\\\/velejar.org\\\/parceiros\\\/#primaryimage\"},\"thumbnailUrl\":\"https:\\\/\\\/velejar.org\\\/wp-content\\\/uploads\\\/2021\\\/12\\\/14-velejar-etapa-1-dezembro-2021.jpeg\",\"datePublished\":\"2021-12-10T20:12:25+00:00\",\"dateModified\":\"2024-04-24T17:42:29+00:00\",\"breadcrumb\":{\"@id\":\"https:\\\/\\\/velejar.org\\\/parceiros\\\/#breadcrumb\"},\"inLanguage\":\"en-US\",\"potentialAction\":[{\"@type\":\"ReadAction\",\"target\":[\"https:\\\/\\\/velejar.org\\\/parceiros\\\/\"]}]},{\"@type\":\"ImageObject\",\"inLanguage\":\"en-US\",\"@id\":\"https:\\\/\\\/velejar.org\\\/parceiros\\\/#primaryimage\",\"url\":\"https:\\\/\\\/velejar.org\\\/wp-content\\\/uploads\\\/2021\\\/12\\\/14-velejar-etapa-1-dezembro-2021.jpeg\",\"contentUrl\":\"https:\\\/\\\/velejar.org\\\/wp-content\\\/uploads\\\/2021\\\/12\\\/14-velejar-etapa-1-dezembro-2021.jpeg\",\"width\":1416,\"height\":1062},{\"@type\":\"BreadcrumbList\",\"@id\":\"https:\\\/\\\/velejar.org\\\/parceiros\\\/#breadcrumb\",\"itemListElement\":[{\"@type\":\"ListItem\",\"position\":1,\"name\":\"In\u00edcio\",\"item\":\"https:\\\/\\\/velejar.org\\\/\"},{\"@type\":\"ListItem\",\"position\":2,\"name\":\"Parceiros\"}]},{\"@type\":\"WebSite\",\"@id\":\"https:\\\/\\\/velejar.org\\\/#website\",\"url\":\"https:\\\/\\\/velejar.org\\\/\",\"name\":\"Velejar\",\"description\":\"Campeonato de Embarca\u00e7\u00f5es a Vela\",\"publisher\":{\"@id\":\"https:\\\/\\\/velejar.org\\\/#organization\"},\"potentialAction\":[{\"@type\":\"SearchAction\",\"target\":{\"@type\":\"EntryPoint\",\"urlTemplate\":\"https:\\\/\\\/velejar.org\\\/?s={search_term_string}\"},\"query-input\":{\"@type\":\"PropertyValueSpecification\",\"valueRequired\":true,\"valueName\":\"search_term_string\"}}],\"inLanguage\":\"en-US\"},{\"@type\":\"Organization\",\"@id\":\"https:\\\/\\\/velejar.org\\\/#organization\",\"name\":\"Projeto Velejar\",\"url\":\"https:\\\/\\\/velejar.org\\\/\",\"logo\":{\"@type\":\"ImageObject\",\"inLanguage\":\"en-US\",\"@id\":\"https:\\\/\\\/velejar.org\\\/#\\\/schema\\\/logo\\\/image\\\/\",\"url\":\"https:\\\/\\\/velejar.net-br.net\\\/wp-content\\\/uploads\\\/2021\\\/12\\\/velejar-projeto-ico.jpg\",\"contentUrl\":\"https:\\\/\\\/velejar.net-br.net\\\/wp-content\\\/uploads\\\/2021\\\/12\\\/velejar-projeto-ico.jpg\",\"width\":143,\"height\":146,\"caption\":\"Projeto Velejar\"},\"image\":{\"@id\":\"https:\\\/\\\/velejar.org\\\/#\\\/schema\\\/logo\\\/image\\\/\"}}]}<\/script>\n<!-- \/ Yoast SEO plugin. -->","yoast_head_json":{"title":"Partners - Sailing","robots":{"index":"index","follow":"follow","max-snippet":"max-snippet:-1","max-image-preview":"max-image-preview:large","max-video-preview":"max-video-preview:-1"},"canonical":"https:\/\/velejar.org\/en\/parceiros\/","og_locale":"en_US","og_type":"article","og_title":"Parceiros - Velejar","og_description":"SEMAM- Secretaria de Meio Ambiente SEJEL &#8211; Secretaria de Esportes SETUR &#8211; Secretaria de Turismo Col\u00f4nia de Pescadores de Cabedelo &#8211; Z2 Associa\u00e7\u00e3o de Moradores do Bairro de Camala\u00fa &#8211; Cabedelo","og_url":"https:\/\/velejar.org\/en\/parceiros\/","og_site_name":"Velejar","article_modified_time":"2024-04-24T17:42:29+00:00","og_image":[{"width":1416,"height":1062,"url":"https:\/\/velejar.org\/wp-content\/uploads\/2021\/12\/14-velejar-etapa-1-dezembro-2021.jpeg","type":"image\/jpeg"}],"twitter_card":"summary_large_image","twitter_misc":{"Est. reading time":"2 minutes"},"schema":{"@context":"https:\/\/schema.org","@graph":[{"@type":"WebPage","@id":"https:\/\/velejar.org\/parceiros\/","url":"https:\/\/velejar.org\/parceiros\/","name":"Partners - Sailing","isPartOf":{"@id":"https:\/\/velejar.org\/#website"},"primaryImageOfPage":{"@id":"https:\/\/velejar.org\/parceiros\/#primaryimage"},"image":{"@id":"https:\/\/velejar.org\/parceiros\/#primaryimage"},"thumbnailUrl":"https:\/\/velejar.org\/wp-content\/uploads\/2021\/12\/14-velejar-etapa-1-dezembro-2021.jpeg","datePublished":"2021-12-10T20:12:25+00:00","dateModified":"2024-04-24T17:42:29+00:00","breadcrumb":{"@id":"https:\/\/velejar.org\/parceiros\/#breadcrumb"},"inLanguage":"en-US","potentialAction":[{"@type":"ReadAction","target":["https:\/\/velejar.org\/parceiros\/"]}]},{"@type":"ImageObject","inLanguage":"en-US","@id":"https:\/\/velejar.org\/parceiros\/#primaryimage","url":"https:\/\/velejar.org\/wp-content\/uploads\/2021\/12\/14-velejar-etapa-1-dezembro-2021.jpeg","contentUrl":"https:\/\/velejar.org\/wp-content\/uploads\/2021\/12\/14-velejar-etapa-1-dezembro-2021.jpeg","width":1416,"height":1062},{"@type":"BreadcrumbList","@id":"https:\/\/velejar.org\/parceiros\/#breadcrumb","itemListElement":[{"@type":"ListItem","position":1,"name":"In\u00edcio","item":"https:\/\/velejar.org\/"},{"@type":"ListItem","position":2,"name":"Parceiros"}]},{"@type":"WebSite","@id":"https:\/\/velejar.org\/#website","url":"https:\/\/velejar.org\/","name":"sail","description":"Sailing Vessel Championship","publisher":{"@id":"https:\/\/velejar.org\/#organization"},"potentialAction":[{"@type":"SearchAction","target":{"@type":"EntryPoint","urlTemplate":"https:\/\/velejar.org\/?s={search_term_string}"},"query-input":{"@type":"PropertyValueSpecification","valueRequired":true,"valueName":"search_term_string"}}],"inLanguage":"en-US"},{"@type":"Organization","@id":"https:\/\/velejar.org\/#organization","name":"Sailing Project","url":"https:\/\/velejar.org\/","logo":{"@type":"ImageObject","inLanguage":"en-US","@id":"https:\/\/velejar.org\/#\/schema\/logo\/image\/","url":"https:\/\/velejar.net-br.net\/wp-content\/uploads\/2021\/12\/velejar-projeto-ico.jpg","contentUrl":"https:\/\/velejar.net-br.net\/wp-content\/uploads\/2021\/12\/velejar-projeto-ico.jpg","width":143,"height":146,"caption":"Projeto Velejar"},"image":{"@id":"https:\/\/velejar.org\/#\/schema\/logo\/image\/"}}]}},"_links":{"self":[{"href":"https:\/\/velejar.org\/en\/wp-json\/wp\/v2\/pages\/324","targetHints":{"allow":["GET"]}}],"collection":[{"href":"https:\/\/velejar.org\/en\/wp-json\/wp\/v2\/pages"}],"about":[{"href":"https:\/\/velejar.org\/en\/wp-json\/wp\/v2\/types\/page"}],"author":[{"embeddable":true,"href":"https:\/\/velejar.org\/en\/wp-json\/wp\/v2\/users\/1"}],"replies":[{"embeddable":true,"href":"https:\/\/velejar.org\/en\/wp-json\/wp\/v2\/comments?post=324"}],"version-history":[{"count":18,"href":"https:\/\/velejar.org\/en\/wp-json\/wp\/v2\/pages\/324\/revisions"}],"predecessor-version":[{"id":1295,"href":"https:\/\/velejar.org\/en\/wp-json\/wp\/v2\/pages\/324\/revisions\/1295"}],"wp:featuredmedia":[{"embeddable":true,"href":"https:\/\/velejar.org\/en\/wp-json\/wp\/v2\/media\/434"}],"wp:attachment":[{"href":"https:\/\/velejar.org\/en\/wp-json\/wp\/v2\/media?parent=324"}],"curies":[{"name":"wp","href":"https:\/\/api.w.org\/{rel}","templated":true}]}}